{"id":3902,"date":"2022-01-12T19:58:16","date_gmt":"2022-01-12T18:58:16","guid":{"rendered":"https:\/\/www.setecna.it\/prodotto\/reg-ioa\/"},"modified":"2025-04-29T10:49:39","modified_gmt":"2025-04-29T08:49:39","slug":"reg-ioa","status":"publish","type":"product","link":"https:\/\/www.setecna.it\/es\/prodotto\/reg-ioa\/","title":{"rendered":"REG-IOA"},"content":{"rendered":"<p>El REG-IOA es un m\u00f3dulo de expansi\u00f3n I\/O del sistema REG compuesto por 2 salidas digitales y 2 entradas (digitales o anal\u00f3gicas seg\u00fan la programaci\u00f3n), dise\u00f1ado para fijarse en un cuadro el\u00e9ctrico, en una gu\u00eda DIN est\u00e1ndar (2 m\u00f3dulos). La conexi\u00f3n con el sistema de regulaci\u00f3n se realiza mediante bus.<\/p>\n<p>Las dos entradas digitales \/ anal\u00f3gicas permiten conectar sondas de temperatura pasiva o contactos secos, mientras que las salidas son digitales (salida rel\u00e9) y permiten, por ejemplo, controlar v\u00e1lvulas ON\/OFF, bombas y v\u00e1lvulas mezcladoras con control a 3 puntos. Todas las conexiones se realizan mediante terminales extra\u00edbles, lo que facilita la instalaci\u00f3n por parte del t\u00e9cnico. El m\u00f3dulo est\u00e1 equipado con LED para la indicaci\u00f3n del estado.<\/p>\n<p>El m\u00f3dulo cuenta con dos selectores rotatorios de 16 posiciones que permiten seleccionar la direcci\u00f3n (de 20 a 55). En cada sistema REG se pueden conectar un m\u00e1ximo de 35 m\u00f3dulos REG-IOA.<\/p>\n<p><strong>\u00a1Haz clic en el siguiente enlace para ver la ficha t\u00e9cnica!<\/strong><\/p>\n<p><a href=\"https:\/\/www.setecna.it\/wp-content\/uploads\/2025\/04\/REG-IOA_datasheet_ES-1.pdf\" target=\"_blank\" rel=\"noopener\">REG-IOA_DATASHEET<\/a><\/p>\n","protected":false},"excerpt":{"rendered":"<h2>REG-IOA<\/h2>\n<h3>M\u00f3dulo de expansi\u00f3n E\/S del sistema REG: 2 salidas digitales y 2 entradas (anal\u00f3gicas o digitales)<\/h3>\n","protected":false},"featured_media":3591,"template":"","meta":[],"product_cat":[167,161],"product_tag":[],"yoast_head":"<!-- This site is optimized with the Yoast SEO plugin v19.13 - https:\/\/yoast.com\/wordpress\/plugins\/seo\/ -->\n<title>REG-IOA - SETECNA EPC<\/title>\n<meta name=\"robots\" content=\"index, follow, max-snippet:-1, max-image-preview:large, max-video-preview:-1\" \/>\n<link rel=\"canonical\" href=\"https:\/\/www.setecna.it\/es\/prodotto\/reg-ioa\/\" \/>\n<meta property=\"og:locale\" content=\"es_ES\" \/>\n<meta property=\"og:type\" content=\"article\" \/>\n<meta property=\"og:title\" content=\"REG-IOA - SETECNA EPC\" \/>\n<meta property=\"og:description\" content=\"REG-IOA M\u00f3dulo de expansi\u00f3n E\/S del sistema REG: 2 salidas digitales y 2 entradas (anal\u00f3gicas o digitales)\" \/>\n<meta property=\"og:url\" content=\"https:\/\/www.setecna.it\/es\/prodotto\/reg-ioa\/\" \/>\n<meta property=\"og:site_name\" content=\"SETECNA EPC\" \/>\n<meta property=\"article:modified_time\" content=\"2025-04-29T08:49:39+00:00\" \/>\n<meta property=\"og:image\" content=\"https:\/\/www.setecna.it\/wp-content\/uploads\/2022\/01\/REG-IOA.jpg\" \/>\n\t<meta property=\"og:image:width\" content=\"600\" \/>\n\t<meta property=\"og:image:height\" content=\"600\" \/>\n\t<meta property=\"og:image:type\" content=\"image\/jpeg\" \/>\n<meta name=\"twitter:card\" content=\"summary_large_image\" \/>\n<meta name=\"twitter:label1\" content=\"Tiempo de lectura\" \/>\n\t<meta name=\"twitter:data1\" content=\"1 minuto\" \/>\n<script type=\"application\/ld+json\" class=\"yoast-schema-graph\">{\"@context\":\"https:\/\/schema.org\",\"@graph\":[{\"@type\":\"WebPage\",\"@id\":\"https:\/\/www.setecna.it\/es\/prodotto\/reg-ioa\/\",\"url\":\"https:\/\/www.setecna.it\/es\/prodotto\/reg-ioa\/\",\"name\":\"REG-IOA - SETECNA EPC\",\"isPartOf\":{\"@id\":\"https:\/\/www.setecna.it\/#website\"},\"datePublished\":\"2022-01-12T18:58:16+00:00\",\"dateModified\":\"2025-04-29T08:49:39+00:00\",\"breadcrumb\":{\"@id\":\"https:\/\/www.setecna.it\/es\/prodotto\/reg-ioa\/#breadcrumb\"},\"inLanguage\":\"es\",\"potentialAction\":[{\"@type\":\"ReadAction\",\"target\":[\"https:\/\/www.setecna.it\/es\/prodotto\/reg-ioa\/\"]}]},{\"@type\":\"BreadcrumbList\",\"@id\":\"https:\/\/www.setecna.it\/es\/prodotto\/reg-ioa\/#breadcrumb\",\"itemListElement\":[{\"@type\":\"ListItem\",\"position\":1,\"name\":\"Home\",\"item\":\"https:\/\/www.setecna.it\/es\/\"},{\"@type\":\"ListItem\",\"position\":2,\"name\":\"CAT\u00c1LOGO DE PRODUCTOS\",\"item\":\"https:\/\/www.setecna.it\/es\/catalogo-de-productos\/\"},{\"@type\":\"ListItem\",\"position\":3,\"name\":\"REG-IOA\"}]},{\"@type\":\"WebSite\",\"@id\":\"https:\/\/www.setecna.it\/#website\",\"url\":\"https:\/\/www.setecna.it\/\",\"name\":\"SETECNA EPC\",\"description\":\"Il benessere inizia anche da qui\",\"publisher\":{\"@id\":\"https:\/\/www.setecna.it\/#organization\"},\"potentialAction\":[{\"@type\":\"SearchAction\",\"target\":{\"@type\":\"EntryPoint\",\"urlTemplate\":\"https:\/\/www.setecna.it\/?s={search_term_string}\"},\"query-input\":\"required name=search_term_string\"}],\"inLanguage\":\"es\"},{\"@type\":\"Organization\",\"@id\":\"https:\/\/www.setecna.it\/#organization\",\"name\":\"Setecna EPC srl\",\"url\":\"https:\/\/www.setecna.it\/\",\"logo\":{\"@type\":\"ImageObject\",\"inLanguage\":\"es\",\"@id\":\"https:\/\/www.setecna.it\/#\/schema\/logo\/image\/\",\"url\":\"https:\/\/www.setecna.it\/wp-content\/uploads\/2022\/06\/cropped-cropped-Risorsa-3.png\",\"contentUrl\":\"https:\/\/www.setecna.it\/wp-content\/uploads\/2022\/06\/cropped-cropped-Risorsa-3.png\",\"width\":1864,\"height\":186,\"caption\":\"Setecna EPC srl\"},\"image\":{\"@id\":\"https:\/\/www.setecna.it\/#\/schema\/logo\/image\/\"}}]}<\/script>\n<!-- \/ Yoast SEO plugin. -->","yoast_head_json":{"title":"REG-IOA - SETECNA EPC","robots":{"index":"index","follow":"follow","max-snippet":"max-snippet:-1","max-image-preview":"max-image-preview:large","max-video-preview":"max-video-preview:-1"},"canonical":"https:\/\/www.setecna.it\/es\/prodotto\/reg-ioa\/","og_locale":"es_ES","og_type":"article","og_title":"REG-IOA - SETECNA EPC","og_description":"REG-IOA M\u00f3dulo de expansi\u00f3n E\/S del sistema REG: 2 salidas digitales y 2 entradas (anal\u00f3gicas o digitales)","og_url":"https:\/\/www.setecna.it\/es\/prodotto\/reg-ioa\/","og_site_name":"SETECNA EPC","article_modified_time":"2025-04-29T08:49:39+00:00","og_image":[{"width":600,"height":600,"url":"https:\/\/www.setecna.it\/wp-content\/uploads\/2022\/01\/REG-IOA.jpg","type":"image\/jpeg"}],"twitter_card":"summary_large_image","twitter_misc":{"Tiempo de lectura":"1 minuto"},"schema":{"@context":"https:\/\/schema.org","@graph":[{"@type":"WebPage","@id":"https:\/\/www.setecna.it\/es\/prodotto\/reg-ioa\/","url":"https:\/\/www.setecna.it\/es\/prodotto\/reg-ioa\/","name":"REG-IOA - SETECNA EPC","isPartOf":{"@id":"https:\/\/www.setecna.it\/#website"},"datePublished":"2022-01-12T18:58:16+00:00","dateModified":"2025-04-29T08:49:39+00:00","breadcrumb":{"@id":"https:\/\/www.setecna.it\/es\/prodotto\/reg-ioa\/#breadcrumb"},"inLanguage":"es","potentialAction":[{"@type":"ReadAction","target":["https:\/\/www.setecna.it\/es\/prodotto\/reg-ioa\/"]}]},{"@type":"BreadcrumbList","@id":"https:\/\/www.setecna.it\/es\/prodotto\/reg-ioa\/#breadcrumb","itemListElement":[{"@type":"ListItem","position":1,"name":"Home","item":"https:\/\/www.setecna.it\/es\/"},{"@type":"ListItem","position":2,"name":"CAT\u00c1LOGO DE PRODUCTOS","item":"https:\/\/www.setecna.it\/es\/catalogo-de-productos\/"},{"@type":"ListItem","position":3,"name":"REG-IOA"}]},{"@type":"WebSite","@id":"https:\/\/www.setecna.it\/#website","url":"https:\/\/www.setecna.it\/","name":"SETECNA EPC","description":"Il benessere inizia anche da qui","publisher":{"@id":"https:\/\/www.setecna.it\/#organization"},"potentialAction":[{"@type":"SearchAction","target":{"@type":"EntryPoint","urlTemplate":"https:\/\/www.setecna.it\/?s={search_term_string}"},"query-input":"required name=search_term_string"}],"inLanguage":"es"},{"@type":"Organization","@id":"https:\/\/www.setecna.it\/#organization","name":"Setecna EPC srl","url":"https:\/\/www.setecna.it\/","logo":{"@type":"ImageObject","inLanguage":"es","@id":"https:\/\/www.setecna.it\/#\/schema\/logo\/image\/","url":"https:\/\/www.setecna.it\/wp-content\/uploads\/2022\/06\/cropped-cropped-Risorsa-3.png","contentUrl":"https:\/\/www.setecna.it\/wp-content\/uploads\/2022\/06\/cropped-cropped-Risorsa-3.png","width":1864,"height":186,"caption":"Setecna EPC srl"},"image":{"@id":"https:\/\/www.setecna.it\/#\/schema\/logo\/image\/"}}]}},"_links":{"self":[{"href":"https:\/\/www.setecna.it\/es\/wp-json\/wp\/v2\/product\/3902"}],"collection":[{"href":"https:\/\/www.setecna.it\/es\/wp-json\/wp\/v2\/product"}],"about":[{"href":"https:\/\/www.setecna.it\/es\/wp-json\/wp\/v2\/types\/product"}],"wp:featuredmedia":[{"embeddable":true,"href":"https:\/\/www.setecna.it\/es\/wp-json\/wp\/v2\/media\/3591"}],"wp:attachment":[{"href":"https:\/\/www.setecna.it\/es\/wp-json\/wp\/v2\/media?parent=3902"}],"wp:term":[{"taxonomy":"product_cat","embeddable":true,"href":"https:\/\/www.setecna.it\/es\/wp-json\/wp\/v2\/product_cat?post=3902"},{"taxonomy":"product_tag","embeddable":true,"href":"https:\/\/www.setecna.it\/es\/wp-json\/wp\/v2\/product_tag?post=3902"}],"curies":[{"name":"wp","href":"https:\/\/api.w.org\/{rel}","templated":true}]}}