{"id":3896,"date":"2025-02-07T16:37:34","date_gmt":"2025-02-07T15:37:34","guid":{"rendered":"https:\/\/www.setecna.it\/prodotto\/reg-knx-mk3\/"},"modified":"2025-04-29T12:01:43","modified_gmt":"2025-04-29T10:01:43","slug":"reg-knx-mk3","status":"publish","type":"product","link":"https:\/\/www.setecna.it\/es\/prodotto\/reg-knx-mk3\/","title":{"rendered":"REG-KNX-MK3"},"content":{"rendered":"<p>La pasarela REG-KNX-Mk3 est\u00e1 dise\u00f1ada para su instalaci\u00f3n en cuadro el\u00e9ctrico, sobre carril DIN est\u00e1ndar (4 m\u00f3dulos). El sistema de supervisi\u00f3n al que se conecta la pasarela debe utilizar el protocolo KNX (Konnex).<\/p>\n<p>La conexi\u00f3n al bus KNX se realiza mediante un m\u00f3dulo de comunicaci\u00f3n certificado.<\/p>\n<p>La pasarela REG-KNX pone a disposici\u00f3n 1000 datapoints, libremente configurables por el integrador del sistema dom\u00f3tico KNX, quien decide cu\u00e1ntas y cu\u00e1les informaciones intercambiar entre el sistema REG y el bus KNX. Cabe destacar que la pasarela es en todos los aspectos un dispositivo KNX: toda la configuraci\u00f3n y programaci\u00f3n se realiza a trav\u00e9s del software ETS.<\/p>\n<p><strong>\u00a1Haz clic en el siguiente enlace para ver la ficha t\u00e9cnica!<\/strong><\/p>\n<p><a href=\"https:\/\/www.setecna.it\/wp-content\/uploads\/2025\/04\/REG-KNX-Mk3_datasheet_ES-1.pdf\" target=\"_blank\" rel=\"noopener\">REG-KNX-MK3_DATASHEET<\/a><\/p>\n","protected":false},"excerpt":{"rendered":"<h2>REG-KNX-MK3<\/h2>\n<h3>Pasarela para la integraci\u00f3n del Sistema REG con dom\u00f3tica KNX<\/h3>\n","protected":false},"featured_media":3781,"template":"","meta":[],"product_cat":[165,161],"product_tag":[],"yoast_head":"<!-- This site is optimized with the Yoast SEO plugin v19.13 - https:\/\/yoast.com\/wordpress\/plugins\/seo\/ -->\n<title>REG-KNX-MK3 - SETECNA EPC<\/title>\n<meta name=\"robots\" content=\"index, follow, max-snippet:-1, max-image-preview:large, max-video-preview:-1\" \/>\n<link rel=\"canonical\" href=\"https:\/\/www.setecna.it\/es\/prodotto\/reg-knx-mk3\/\" \/>\n<meta property=\"og:locale\" content=\"es_ES\" \/>\n<meta property=\"og:type\" content=\"article\" \/>\n<meta property=\"og:title\" content=\"REG-KNX-MK3 - SETECNA EPC\" \/>\n<meta property=\"og:description\" content=\"REG-KNX-MK3 Pasarela para la integraci\u00f3n del Sistema REG con dom\u00f3tica KNX\" \/>\n<meta property=\"og:url\" content=\"https:\/\/www.setecna.it\/es\/prodotto\/reg-knx-mk3\/\" \/>\n<meta property=\"og:site_name\" content=\"SETECNA EPC\" \/>\n<meta property=\"article:modified_time\" content=\"2025-04-29T10:01:43+00:00\" \/>\n<meta property=\"og:image\" content=\"https:\/\/www.setecna.it\/wp-content\/uploads\/2025\/02\/REG-KNX-MK3-e1741104871733.png\" \/>\n\t<meta property=\"og:image:width\" content=\"600\" \/>\n\t<meta property=\"og:image:height\" content=\"600\" \/>\n\t<meta property=\"og:image:type\" content=\"image\/png\" \/>\n<meta name=\"twitter:card\" content=\"summary_large_image\" \/>\n<meta name=\"twitter:label1\" content=\"Tiempo de lectura\" \/>\n\t<meta name=\"twitter:data1\" content=\"1 minuto\" \/>\n<script type=\"application\/ld+json\" class=\"yoast-schema-graph\">{\"@context\":\"https:\/\/schema.org\",\"@graph\":[{\"@type\":\"WebPage\",\"@id\":\"https:\/\/www.setecna.it\/es\/prodotto\/reg-knx-mk3\/\",\"url\":\"https:\/\/www.setecna.it\/es\/prodotto\/reg-knx-mk3\/\",\"name\":\"REG-KNX-MK3 - SETECNA EPC\",\"isPartOf\":{\"@id\":\"https:\/\/www.setecna.it\/#website\"},\"datePublished\":\"2025-02-07T15:37:34+00:00\",\"dateModified\":\"2025-04-29T10:01:43+00:00\",\"breadcrumb\":{\"@id\":\"https:\/\/www.setecna.it\/es\/prodotto\/reg-knx-mk3\/#breadcrumb\"},\"inLanguage\":\"es\",\"potentialAction\":[{\"@type\":\"ReadAction\",\"target\":[\"https:\/\/www.setecna.it\/es\/prodotto\/reg-knx-mk3\/\"]}]},{\"@type\":\"BreadcrumbList\",\"@id\":\"https:\/\/www.setecna.it\/es\/prodotto\/reg-knx-mk3\/#breadcrumb\",\"itemListElement\":[{\"@type\":\"ListItem\",\"position\":1,\"name\":\"Home\",\"item\":\"https:\/\/www.setecna.it\/es\/\"},{\"@type\":\"ListItem\",\"position\":2,\"name\":\"CAT\u00c1LOGO DE PRODUCTOS\",\"item\":\"https:\/\/www.setecna.it\/es\/catalogo-de-productos\/\"},{\"@type\":\"ListItem\",\"position\":3,\"name\":\"REG-KNX-MK3\"}]},{\"@type\":\"WebSite\",\"@id\":\"https:\/\/www.setecna.it\/#website\",\"url\":\"https:\/\/www.setecna.it\/\",\"name\":\"SETECNA EPC\",\"description\":\"Il benessere inizia anche da qui\",\"publisher\":{\"@id\":\"https:\/\/www.setecna.it\/#organization\"},\"potentialAction\":[{\"@type\":\"SearchAction\",\"target\":{\"@type\":\"EntryPoint\",\"urlTemplate\":\"https:\/\/www.setecna.it\/?s={search_term_string}\"},\"query-input\":\"required name=search_term_string\"}],\"inLanguage\":\"es\"},{\"@type\":\"Organization\",\"@id\":\"https:\/\/www.setecna.it\/#organization\",\"name\":\"Setecna EPC srl\",\"url\":\"https:\/\/www.setecna.it\/\",\"logo\":{\"@type\":\"ImageObject\",\"inLanguage\":\"es\",\"@id\":\"https:\/\/www.setecna.it\/#\/schema\/logo\/image\/\",\"url\":\"https:\/\/www.setecna.it\/wp-content\/uploads\/2022\/06\/cropped-cropped-Risorsa-3.png\",\"contentUrl\":\"https:\/\/www.setecna.it\/wp-content\/uploads\/2022\/06\/cropped-cropped-Risorsa-3.png\",\"width\":1864,\"height\":186,\"caption\":\"Setecna EPC srl\"},\"image\":{\"@id\":\"https:\/\/www.setecna.it\/#\/schema\/logo\/image\/\"}}]}<\/script>\n<!-- \/ Yoast SEO plugin. -->","yoast_head_json":{"title":"REG-KNX-MK3 - SETECNA EPC","robots":{"index":"index","follow":"follow","max-snippet":"max-snippet:-1","max-image-preview":"max-image-preview:large","max-video-preview":"max-video-preview:-1"},"canonical":"https:\/\/www.setecna.it\/es\/prodotto\/reg-knx-mk3\/","og_locale":"es_ES","og_type":"article","og_title":"REG-KNX-MK3 - SETECNA EPC","og_description":"REG-KNX-MK3 Pasarela para la integraci\u00f3n del Sistema REG con dom\u00f3tica KNX","og_url":"https:\/\/www.setecna.it\/es\/prodotto\/reg-knx-mk3\/","og_site_name":"SETECNA EPC","article_modified_time":"2025-04-29T10:01:43+00:00","og_image":[{"width":600,"height":600,"url":"https:\/\/www.setecna.it\/wp-content\/uploads\/2025\/02\/REG-KNX-MK3-e1741104871733.png","type":"image\/png"}],"twitter_card":"summary_large_image","twitter_misc":{"Tiempo de lectura":"1 minuto"},"schema":{"@context":"https:\/\/schema.org","@graph":[{"@type":"WebPage","@id":"https:\/\/www.setecna.it\/es\/prodotto\/reg-knx-mk3\/","url":"https:\/\/www.setecna.it\/es\/prodotto\/reg-knx-mk3\/","name":"REG-KNX-MK3 - SETECNA EPC","isPartOf":{"@id":"https:\/\/www.setecna.it\/#website"},"datePublished":"2025-02-07T15:37:34+00:00","dateModified":"2025-04-29T10:01:43+00:00","breadcrumb":{"@id":"https:\/\/www.setecna.it\/es\/prodotto\/reg-knx-mk3\/#breadcrumb"},"inLanguage":"es","potentialAction":[{"@type":"ReadAction","target":["https:\/\/www.setecna.it\/es\/prodotto\/reg-knx-mk3\/"]}]},{"@type":"BreadcrumbList","@id":"https:\/\/www.setecna.it\/es\/prodotto\/reg-knx-mk3\/#breadcrumb","itemListElement":[{"@type":"ListItem","position":1,"name":"Home","item":"https:\/\/www.setecna.it\/es\/"},{"@type":"ListItem","position":2,"name":"CAT\u00c1LOGO DE PRODUCTOS","item":"https:\/\/www.setecna.it\/es\/catalogo-de-productos\/"},{"@type":"ListItem","position":3,"name":"REG-KNX-MK3"}]},{"@type":"WebSite","@id":"https:\/\/www.setecna.it\/#website","url":"https:\/\/www.setecna.it\/","name":"SETECNA EPC","description":"Il benessere inizia anche da qui","publisher":{"@id":"https:\/\/www.setecna.it\/#organization"},"potentialAction":[{"@type":"SearchAction","target":{"@type":"EntryPoint","urlTemplate":"https:\/\/www.setecna.it\/?s={search_term_string}"},"query-input":"required name=search_term_string"}],"inLanguage":"es"},{"@type":"Organization","@id":"https:\/\/www.setecna.it\/#organization","name":"Setecna EPC srl","url":"https:\/\/www.setecna.it\/","logo":{"@type":"ImageObject","inLanguage":"es","@id":"https:\/\/www.setecna.it\/#\/schema\/logo\/image\/","url":"https:\/\/www.setecna.it\/wp-content\/uploads\/2022\/06\/cropped-cropped-Risorsa-3.png","contentUrl":"https:\/\/www.setecna.it\/wp-content\/uploads\/2022\/06\/cropped-cropped-Risorsa-3.png","width":1864,"height":186,"caption":"Setecna EPC srl"},"image":{"@id":"https:\/\/www.setecna.it\/#\/schema\/logo\/image\/"}}]}},"_links":{"self":[{"href":"https:\/\/www.setecna.it\/es\/wp-json\/wp\/v2\/product\/3896"}],"collection":[{"href":"https:\/\/www.setecna.it\/es\/wp-json\/wp\/v2\/product"}],"about":[{"href":"https:\/\/www.setecna.it\/es\/wp-json\/wp\/v2\/types\/product"}],"wp:featuredmedia":[{"embeddable":true,"href":"https:\/\/www.setecna.it\/es\/wp-json\/wp\/v2\/media\/3781"}],"wp:attachment":[{"href":"https:\/\/www.setecna.it\/es\/wp-json\/wp\/v2\/media?parent=3896"}],"wp:term":[{"taxonomy":"product_cat","embeddable":true,"href":"https:\/\/www.setecna.it\/es\/wp-json\/wp\/v2\/product_cat?post=3896"},{"taxonomy":"product_tag","embeddable":true,"href":"https:\/\/www.setecna.it\/es\/wp-json\/wp\/v2\/product_tag?post=3896"}],"curies":[{"name":"wp","href":"https:\/\/api.w.org\/{rel}","templated":true}]}}