{"id":3895,"date":"2022-01-12T19:58:18","date_gmt":"2022-01-12T18:58:18","guid":{"rendered":"https:\/\/www.setecna.it\/prodotto\/reg-tft\/"},"modified":"2025-04-29T12:20:17","modified_gmt":"2025-04-29T10:20:17","slug":"reg-tft","status":"publish","type":"product","link":"https:\/\/www.setecna.it\/es\/prodotto\/reg-tft\/","title":{"rendered":"REG-TFT"},"content":{"rendered":"<p>La pantalla t\u00e1ctil se utiliza como interfaz f\u00e1cil de usar para controlar el regulador REG-DIN-8. Esta pantalla puede empotrarse en coordinaci\u00f3n con las principales series civiles (Bticino, Gewiss, Vimar, ABB, AVE, etc.), lo que permite una perfecta integraci\u00f3n con el dise\u00f1o de la vivienda. Puede instalarse en cajas est\u00e1ndar 503 y se alimenta a 12 Vdc.<\/p>\n<p>Desde la pantalla, el usuario puede configurar la programaci\u00f3n semanal de los temporizadores (si est\u00e1n presentes), los puntos de consigna de la temperatura ambiente, la activaci\u00f3n del sistema y el cambio estacional (en caso de que la instalaci\u00f3n incluya calefacci\u00f3n y refrigeraci\u00f3n).<\/p>\n<p>No requiere ning\u00fan tipo de programaci\u00f3n, ya que las p\u00e1ginas se adaptan autom\u00e1ticamente a la estructura de la instalaci\u00f3n una vez que la pantalla ha sido habilitada desde el REG-DIN-8.<\/p>\n<p><strong>\u00a1Haz clic en el siguiente enlace para ver la ficha t\u00e9cnica!<\/strong><\/p>\n<p><a href=\"https:\/\/www.setecna.it\/wp-content\/uploads\/2025\/04\/REG-TFT-Sxx_datasheet_ES-2.pdf\" target=\"_blank\" rel=\"noopener\">REG-TFT_DATASHEET<\/a><\/p>\n<p>En el caso de optar por la serie BTicino Living Now, el c\u00f3digo correspondiente es REG-TFT-NOW.<\/p>\n<p><strong>\u00a1Haz clic en el siguiente enlace para ver la ficha t\u00e9cnica!<\/strong><\/p>\n<p><a href=\"https:\/\/www.setecna.it\/wp-content\/uploads\/2025\/04\/REG-TFT-NOW-Sxx_datasheet_ES-1.pdf\" target=\"_blank\" rel=\"noopener\">REG-TFT-NOW_DATASHEET<\/a><\/p>\n","protected":false},"excerpt":{"rendered":"<h2>REG-TFT<\/h2>\n<h3>Pantalla t\u00e1ctil a color de 2,4\u2019\u2019 integrable con las principales series civiles disponibles en el mercado<\/h3>\n","protected":false},"featured_media":3578,"template":"","meta":[],"product_cat":[164,161],"product_tag":[],"yoast_head":"<!-- This site is optimized with the Yoast SEO plugin v19.13 - https:\/\/yoast.com\/wordpress\/plugins\/seo\/ -->\n<title>REG-TFT - SETECNA EPC<\/title>\n<meta name=\"robots\" content=\"index, follow, max-snippet:-1, max-image-preview:large, max-video-preview:-1\" \/>\n<link rel=\"canonical\" href=\"https:\/\/www.setecna.it\/es\/prodotto\/reg-tft\/\" \/>\n<meta property=\"og:locale\" content=\"es_ES\" \/>\n<meta property=\"og:type\" content=\"article\" \/>\n<meta property=\"og:title\" content=\"REG-TFT - SETECNA EPC\" \/>\n<meta property=\"og:description\" content=\"REG-TFT Pantalla t\u00e1ctil a color de 2,4\u2019\u2019 integrable con las principales series civiles disponibles en el mercado\" \/>\n<meta property=\"og:url\" content=\"https:\/\/www.setecna.it\/es\/prodotto\/reg-tft\/\" \/>\n<meta property=\"og:site_name\" content=\"SETECNA EPC\" \/>\n<meta property=\"article:modified_time\" content=\"2025-04-29T10:20:17+00:00\" \/>\n<meta property=\"og:image\" content=\"https:\/\/www.setecna.it\/wp-content\/uploads\/2022\/01\/REG-TFT.jpg\" \/>\n\t<meta property=\"og:image:width\" content=\"600\" \/>\n\t<meta property=\"og:image:height\" content=\"600\" \/>\n\t<meta property=\"og:image:type\" content=\"image\/jpeg\" \/>\n<meta name=\"twitter:card\" content=\"summary_large_image\" \/>\n<meta name=\"twitter:label1\" content=\"Tiempo de lectura\" \/>\n\t<meta name=\"twitter:data1\" content=\"1 minuto\" \/>\n<script type=\"application\/ld+json\" class=\"yoast-schema-graph\">{\"@context\":\"https:\/\/schema.org\",\"@graph\":[{\"@type\":\"WebPage\",\"@id\":\"https:\/\/www.setecna.it\/es\/prodotto\/reg-tft\/\",\"url\":\"https:\/\/www.setecna.it\/es\/prodotto\/reg-tft\/\",\"name\":\"REG-TFT - SETECNA EPC\",\"isPartOf\":{\"@id\":\"https:\/\/www.setecna.it\/#website\"},\"datePublished\":\"2022-01-12T18:58:18+00:00\",\"dateModified\":\"2025-04-29T10:20:17+00:00\",\"breadcrumb\":{\"@id\":\"https:\/\/www.setecna.it\/es\/prodotto\/reg-tft\/#breadcrumb\"},\"inLanguage\":\"es\",\"potentialAction\":[{\"@type\":\"ReadAction\",\"target\":[\"https:\/\/www.setecna.it\/es\/prodotto\/reg-tft\/\"]}]},{\"@type\":\"BreadcrumbList\",\"@id\":\"https:\/\/www.setecna.it\/es\/prodotto\/reg-tft\/#breadcrumb\",\"itemListElement\":[{\"@type\":\"ListItem\",\"position\":1,\"name\":\"Home\",\"item\":\"https:\/\/www.setecna.it\/es\/\"},{\"@type\":\"ListItem\",\"position\":2,\"name\":\"CAT\u00c1LOGO DE PRODUCTOS\",\"item\":\"https:\/\/www.setecna.it\/es\/catalogo-de-productos\/\"},{\"@type\":\"ListItem\",\"position\":3,\"name\":\"REG-TFT\"}]},{\"@type\":\"WebSite\",\"@id\":\"https:\/\/www.setecna.it\/#website\",\"url\":\"https:\/\/www.setecna.it\/\",\"name\":\"SETECNA EPC\",\"description\":\"Il benessere inizia anche da qui\",\"publisher\":{\"@id\":\"https:\/\/www.setecna.it\/#organization\"},\"potentialAction\":[{\"@type\":\"SearchAction\",\"target\":{\"@type\":\"EntryPoint\",\"urlTemplate\":\"https:\/\/www.setecna.it\/?s={search_term_string}\"},\"query-input\":\"required name=search_term_string\"}],\"inLanguage\":\"es\"},{\"@type\":\"Organization\",\"@id\":\"https:\/\/www.setecna.it\/#organization\",\"name\":\"Setecna EPC srl\",\"url\":\"https:\/\/www.setecna.it\/\",\"logo\":{\"@type\":\"ImageObject\",\"inLanguage\":\"es\",\"@id\":\"https:\/\/www.setecna.it\/#\/schema\/logo\/image\/\",\"url\":\"https:\/\/www.setecna.it\/wp-content\/uploads\/2022\/06\/cropped-cropped-Risorsa-3.png\",\"contentUrl\":\"https:\/\/www.setecna.it\/wp-content\/uploads\/2022\/06\/cropped-cropped-Risorsa-3.png\",\"width\":1864,\"height\":186,\"caption\":\"Setecna EPC srl\"},\"image\":{\"@id\":\"https:\/\/www.setecna.it\/#\/schema\/logo\/image\/\"}}]}<\/script>\n<!-- \/ Yoast SEO plugin. -->","yoast_head_json":{"title":"REG-TFT - SETECNA EPC","robots":{"index":"index","follow":"follow","max-snippet":"max-snippet:-1","max-image-preview":"max-image-preview:large","max-video-preview":"max-video-preview:-1"},"canonical":"https:\/\/www.setecna.it\/es\/prodotto\/reg-tft\/","og_locale":"es_ES","og_type":"article","og_title":"REG-TFT - SETECNA EPC","og_description":"REG-TFT Pantalla t\u00e1ctil a color de 2,4\u2019\u2019 integrable con las principales series civiles disponibles en el mercado","og_url":"https:\/\/www.setecna.it\/es\/prodotto\/reg-tft\/","og_site_name":"SETECNA EPC","article_modified_time":"2025-04-29T10:20:17+00:00","og_image":[{"width":600,"height":600,"url":"https:\/\/www.setecna.it\/wp-content\/uploads\/2022\/01\/REG-TFT.jpg","type":"image\/jpeg"}],"twitter_card":"summary_large_image","twitter_misc":{"Tiempo de lectura":"1 minuto"},"schema":{"@context":"https:\/\/schema.org","@graph":[{"@type":"WebPage","@id":"https:\/\/www.setecna.it\/es\/prodotto\/reg-tft\/","url":"https:\/\/www.setecna.it\/es\/prodotto\/reg-tft\/","name":"REG-TFT - SETECNA EPC","isPartOf":{"@id":"https:\/\/www.setecna.it\/#website"},"datePublished":"2022-01-12T18:58:18+00:00","dateModified":"2025-04-29T10:20:17+00:00","breadcrumb":{"@id":"https:\/\/www.setecna.it\/es\/prodotto\/reg-tft\/#breadcrumb"},"inLanguage":"es","potentialAction":[{"@type":"ReadAction","target":["https:\/\/www.setecna.it\/es\/prodotto\/reg-tft\/"]}]},{"@type":"BreadcrumbList","@id":"https:\/\/www.setecna.it\/es\/prodotto\/reg-tft\/#breadcrumb","itemListElement":[{"@type":"ListItem","position":1,"name":"Home","item":"https:\/\/www.setecna.it\/es\/"},{"@type":"ListItem","position":2,"name":"CAT\u00c1LOGO DE PRODUCTOS","item":"https:\/\/www.setecna.it\/es\/catalogo-de-productos\/"},{"@type":"ListItem","position":3,"name":"REG-TFT"}]},{"@type":"WebSite","@id":"https:\/\/www.setecna.it\/#website","url":"https:\/\/www.setecna.it\/","name":"SETECNA EPC","description":"Il benessere inizia anche da qui","publisher":{"@id":"https:\/\/www.setecna.it\/#organization"},"potentialAction":[{"@type":"SearchAction","target":{"@type":"EntryPoint","urlTemplate":"https:\/\/www.setecna.it\/?s={search_term_string}"},"query-input":"required name=search_term_string"}],"inLanguage":"es"},{"@type":"Organization","@id":"https:\/\/www.setecna.it\/#organization","name":"Setecna EPC srl","url":"https:\/\/www.setecna.it\/","logo":{"@type":"ImageObject","inLanguage":"es","@id":"https:\/\/www.setecna.it\/#\/schema\/logo\/image\/","url":"https:\/\/www.setecna.it\/wp-content\/uploads\/2022\/06\/cropped-cropped-Risorsa-3.png","contentUrl":"https:\/\/www.setecna.it\/wp-content\/uploads\/2022\/06\/cropped-cropped-Risorsa-3.png","width":1864,"height":186,"caption":"Setecna EPC srl"},"image":{"@id":"https:\/\/www.setecna.it\/#\/schema\/logo\/image\/"}}]}},"_links":{"self":[{"href":"https:\/\/www.setecna.it\/es\/wp-json\/wp\/v2\/product\/3895"}],"collection":[{"href":"https:\/\/www.setecna.it\/es\/wp-json\/wp\/v2\/product"}],"about":[{"href":"https:\/\/www.setecna.it\/es\/wp-json\/wp\/v2\/types\/product"}],"wp:featuredmedia":[{"embeddable":true,"href":"https:\/\/www.setecna.it\/es\/wp-json\/wp\/v2\/media\/3578"}],"wp:attachment":[{"href":"https:\/\/www.setecna.it\/es\/wp-json\/wp\/v2\/media?parent=3895"}],"wp:term":[{"taxonomy":"product_cat","embeddable":true,"href":"https:\/\/www.setecna.it\/es\/wp-json\/wp\/v2\/product_cat?post=3895"},{"taxonomy":"product_tag","embeddable":true,"href":"https:\/\/www.setecna.it\/es\/wp-json\/wp\/v2\/product_tag?post=3895"}],"curies":[{"name":"wp","href":"https:\/\/api.w.org\/{rel}","templated":true}]}}