{"id":3888,"date":"2022-01-12T19:58:18","date_gmt":"2022-01-12T18:58:18","guid":{"rendered":"https:\/\/www.setecna.it\/prodotto\/reg-ot4\/"},"modified":"2025-04-29T12:14:42","modified_gmt":"2025-04-29T10:14:42","slug":"reg-ot4","status":"publish","type":"product","link":"https:\/\/www.setecna.it\/es\/prodotto\/reg-ot4\/","title":{"rendered":"REG-OT4"},"content":{"rendered":"<p>La pasarela OpenTherm 4 canales est\u00e1 dise\u00f1ado para su montaje en un cuadro el\u00e9ctrico, carril DIN (2 m\u00f3dulos) y la conexi\u00f3n con el sistema de regulaci\u00f3n es mediante bus propietario. La pasarela est\u00e1 dise\u00f1ada con 4 canales para la comunicaci\u00f3n mediante protocolo OpenTherm con otros tantos generadores. Todas las conexiones se realizan mediante terminales extra\u00edbles, lo que facilita la instalaci\u00f3n. El m\u00f3dulo est\u00e1 equipado con LEDs para la indicaci\u00f3n del estado.<\/p>\n<p>Cuenta con dos selectores rotativos de 16 posiciones que permiten seleccionar la direcci\u00f3n del m\u00f3dulo. Se pueden conectar un m\u00e1ximo de dos REG-OT4 a cada sistema REG.<\/p>\n<p><strong>\u00a1Haz clic en el siguiente enlace para ver la ficha t\u00e9cnica!<\/strong><\/p>\n<p><a href=\"https:\/\/www.setecna.it\/wp-content\/uploads\/2025\/04\/REG-OT4_datasheet_ES-1.pdf\" target=\"_blank\" rel=\"noopener\">REG-OT4_DATASHEEET<\/a><\/p>\n","protected":false},"excerpt":{"rendered":"<h2>REG-OT4<\/h2>\n<h3>Pasarela OpenTherm 4 canales para Sistema REG<\/h3>\n","protected":false},"featured_media":3580,"template":"","meta":[],"product_cat":[162,161],"product_tag":[],"yoast_head":"<!-- This site is optimized with the Yoast SEO plugin v19.13 - https:\/\/yoast.com\/wordpress\/plugins\/seo\/ -->\n<title>REG-OT4 - SETECNA EPC<\/title>\n<meta name=\"robots\" content=\"index, follow, max-snippet:-1, max-image-preview:large, max-video-preview:-1\" \/>\n<link rel=\"canonical\" href=\"https:\/\/www.setecna.it\/es\/prodotto\/reg-ot4\/\" \/>\n<meta property=\"og:locale\" content=\"es_ES\" \/>\n<meta property=\"og:type\" content=\"article\" \/>\n<meta property=\"og:title\" content=\"REG-OT4 - SETECNA EPC\" \/>\n<meta property=\"og:description\" content=\"REG-OT4 Pasarela OpenTherm 4 canales para Sistema REG\" \/>\n<meta property=\"og:url\" content=\"https:\/\/www.setecna.it\/es\/prodotto\/reg-ot4\/\" \/>\n<meta property=\"og:site_name\" content=\"SETECNA EPC\" \/>\n<meta property=\"article:modified_time\" content=\"2025-04-29T10:14:42+00:00\" \/>\n<meta property=\"og:image\" content=\"https:\/\/www.setecna.it\/wp-content\/uploads\/2022\/01\/REG-OT4.jpg\" \/>\n\t<meta property=\"og:image:width\" content=\"600\" \/>\n\t<meta property=\"og:image:height\" content=\"600\" \/>\n\t<meta property=\"og:image:type\" content=\"image\/jpeg\" \/>\n<meta name=\"twitter:card\" content=\"summary_large_image\" \/>\n<meta name=\"twitter:label1\" content=\"Tiempo de lectura\" \/>\n\t<meta name=\"twitter:data1\" content=\"1 minuto\" \/>\n<script type=\"application\/ld+json\" class=\"yoast-schema-graph\">{\"@context\":\"https:\/\/schema.org\",\"@graph\":[{\"@type\":\"WebPage\",\"@id\":\"https:\/\/www.setecna.it\/es\/prodotto\/reg-ot4\/\",\"url\":\"https:\/\/www.setecna.it\/es\/prodotto\/reg-ot4\/\",\"name\":\"REG-OT4 - SETECNA EPC\",\"isPartOf\":{\"@id\":\"https:\/\/www.setecna.it\/#website\"},\"datePublished\":\"2022-01-12T18:58:18+00:00\",\"dateModified\":\"2025-04-29T10:14:42+00:00\",\"breadcrumb\":{\"@id\":\"https:\/\/www.setecna.it\/es\/prodotto\/reg-ot4\/#breadcrumb\"},\"inLanguage\":\"es\",\"potentialAction\":[{\"@type\":\"ReadAction\",\"target\":[\"https:\/\/www.setecna.it\/es\/prodotto\/reg-ot4\/\"]}]},{\"@type\":\"BreadcrumbList\",\"@id\":\"https:\/\/www.setecna.it\/es\/prodotto\/reg-ot4\/#breadcrumb\",\"itemListElement\":[{\"@type\":\"ListItem\",\"position\":1,\"name\":\"Home\",\"item\":\"https:\/\/www.setecna.it\/es\/\"},{\"@type\":\"ListItem\",\"position\":2,\"name\":\"CAT\u00c1LOGO DE PRODUCTOS\",\"item\":\"https:\/\/www.setecna.it\/es\/catalogo-de-productos\/\"},{\"@type\":\"ListItem\",\"position\":3,\"name\":\"REG-OT4\"}]},{\"@type\":\"WebSite\",\"@id\":\"https:\/\/www.setecna.it\/#website\",\"url\":\"https:\/\/www.setecna.it\/\",\"name\":\"SETECNA EPC\",\"description\":\"Il benessere inizia anche da qui\",\"publisher\":{\"@id\":\"https:\/\/www.setecna.it\/#organization\"},\"potentialAction\":[{\"@type\":\"SearchAction\",\"target\":{\"@type\":\"EntryPoint\",\"urlTemplate\":\"https:\/\/www.setecna.it\/?s={search_term_string}\"},\"query-input\":\"required name=search_term_string\"}],\"inLanguage\":\"es\"},{\"@type\":\"Organization\",\"@id\":\"https:\/\/www.setecna.it\/#organization\",\"name\":\"Setecna EPC srl\",\"url\":\"https:\/\/www.setecna.it\/\",\"logo\":{\"@type\":\"ImageObject\",\"inLanguage\":\"es\",\"@id\":\"https:\/\/www.setecna.it\/#\/schema\/logo\/image\/\",\"url\":\"https:\/\/www.setecna.it\/wp-content\/uploads\/2022\/06\/cropped-cropped-Risorsa-3.png\",\"contentUrl\":\"https:\/\/www.setecna.it\/wp-content\/uploads\/2022\/06\/cropped-cropped-Risorsa-3.png\",\"width\":1864,\"height\":186,\"caption\":\"Setecna EPC srl\"},\"image\":{\"@id\":\"https:\/\/www.setecna.it\/#\/schema\/logo\/image\/\"}}]}<\/script>\n<!-- \/ Yoast SEO plugin. -->","yoast_head_json":{"title":"REG-OT4 - SETECNA EPC","robots":{"index":"index","follow":"follow","max-snippet":"max-snippet:-1","max-image-preview":"max-image-preview:large","max-video-preview":"max-video-preview:-1"},"canonical":"https:\/\/www.setecna.it\/es\/prodotto\/reg-ot4\/","og_locale":"es_ES","og_type":"article","og_title":"REG-OT4 - SETECNA EPC","og_description":"REG-OT4 Pasarela OpenTherm 4 canales para Sistema REG","og_url":"https:\/\/www.setecna.it\/es\/prodotto\/reg-ot4\/","og_site_name":"SETECNA EPC","article_modified_time":"2025-04-29T10:14:42+00:00","og_image":[{"width":600,"height":600,"url":"https:\/\/www.setecna.it\/wp-content\/uploads\/2022\/01\/REG-OT4.jpg","type":"image\/jpeg"}],"twitter_card":"summary_large_image","twitter_misc":{"Tiempo de lectura":"1 minuto"},"schema":{"@context":"https:\/\/schema.org","@graph":[{"@type":"WebPage","@id":"https:\/\/www.setecna.it\/es\/prodotto\/reg-ot4\/","url":"https:\/\/www.setecna.it\/es\/prodotto\/reg-ot4\/","name":"REG-OT4 - SETECNA EPC","isPartOf":{"@id":"https:\/\/www.setecna.it\/#website"},"datePublished":"2022-01-12T18:58:18+00:00","dateModified":"2025-04-29T10:14:42+00:00","breadcrumb":{"@id":"https:\/\/www.setecna.it\/es\/prodotto\/reg-ot4\/#breadcrumb"},"inLanguage":"es","potentialAction":[{"@type":"ReadAction","target":["https:\/\/www.setecna.it\/es\/prodotto\/reg-ot4\/"]}]},{"@type":"BreadcrumbList","@id":"https:\/\/www.setecna.it\/es\/prodotto\/reg-ot4\/#breadcrumb","itemListElement":[{"@type":"ListItem","position":1,"name":"Home","item":"https:\/\/www.setecna.it\/es\/"},{"@type":"ListItem","position":2,"name":"CAT\u00c1LOGO DE PRODUCTOS","item":"https:\/\/www.setecna.it\/es\/catalogo-de-productos\/"},{"@type":"ListItem","position":3,"name":"REG-OT4"}]},{"@type":"WebSite","@id":"https:\/\/www.setecna.it\/#website","url":"https:\/\/www.setecna.it\/","name":"SETECNA EPC","description":"Il benessere inizia anche da qui","publisher":{"@id":"https:\/\/www.setecna.it\/#organization"},"potentialAction":[{"@type":"SearchAction","target":{"@type":"EntryPoint","urlTemplate":"https:\/\/www.setecna.it\/?s={search_term_string}"},"query-input":"required name=search_term_string"}],"inLanguage":"es"},{"@type":"Organization","@id":"https:\/\/www.setecna.it\/#organization","name":"Setecna EPC srl","url":"https:\/\/www.setecna.it\/","logo":{"@type":"ImageObject","inLanguage":"es","@id":"https:\/\/www.setecna.it\/#\/schema\/logo\/image\/","url":"https:\/\/www.setecna.it\/wp-content\/uploads\/2022\/06\/cropped-cropped-Risorsa-3.png","contentUrl":"https:\/\/www.setecna.it\/wp-content\/uploads\/2022\/06\/cropped-cropped-Risorsa-3.png","width":1864,"height":186,"caption":"Setecna EPC srl"},"image":{"@id":"https:\/\/www.setecna.it\/#\/schema\/logo\/image\/"}}]}},"_links":{"self":[{"href":"https:\/\/www.setecna.it\/es\/wp-json\/wp\/v2\/product\/3888"}],"collection":[{"href":"https:\/\/www.setecna.it\/es\/wp-json\/wp\/v2\/product"}],"about":[{"href":"https:\/\/www.setecna.it\/es\/wp-json\/wp\/v2\/types\/product"}],"wp:featuredmedia":[{"embeddable":true,"href":"https:\/\/www.setecna.it\/es\/wp-json\/wp\/v2\/media\/3580"}],"wp:attachment":[{"href":"https:\/\/www.setecna.it\/es\/wp-json\/wp\/v2\/media?parent=3888"}],"wp:term":[{"taxonomy":"product_cat","embeddable":true,"href":"https:\/\/www.setecna.it\/es\/wp-json\/wp\/v2\/product_cat?post=3888"},{"taxonomy":"product_tag","embeddable":true,"href":"https:\/\/www.setecna.it\/es\/wp-json\/wp\/v2\/product_tag?post=3888"}],"curies":[{"name":"wp","href":"https:\/\/api.w.org\/{rel}","templated":true}]}}