{"id":4251,"date":"2025-04-30T15:11:04","date_gmt":"2025-04-30T13:11:04","guid":{"rendered":"https:\/\/www.setecna.it\/?page_id=4251"},"modified":"2025-04-30T15:13:33","modified_gmt":"2025-04-30T13:13:33","slug":"documentacion-comercial","status":"publish","type":"page","link":"https:\/\/www.setecna.it\/es\/documentacion-comercial\/","title":{"rendered":"DOCUMENTACI\u00d3N COMERCIAL"},"content":{"rendered":"\n<h3>Cat\u00e1logo Completo<\/h3>\n\n\n\n<p> Descargar el cat\u00e1logo:  <a href=\"https:\/\/www.setecna.it\/wp-content\/uploads\/2025\/04\/CATALOGO-GENERALE-ES-HD.pdf\" target=\"_blank\" rel=\"noreferrer noopener\">CAT\u00c1LOGO_ES<\/a><a href=\"https:\/\/d4dot.eu\/docs\/CATALOGOGENERALE.pdf\" target=\"_blank\" rel=\"noreferrer noopener\">.pdf<\/a> <\/p>\n\n\n\n<h3 id=\"block-c6bf79a9-bc40-4e58-a234-cbf59b8a8d19\">Folleto<\/h3>\n\n\n\n<p>Descargar adjuntos: <a href=\"https:\/\/d4dot.eu\/docs\/SISTEMA-REG_2021_IT_EN.pdf\" target=\"_blank\" rel=\"noreferrer noopener\">SISTEMA-REG_IT_EN.pdf<\/a><\/p>\n\n\n\n<p>Descargar adjuntos:  <a href=\"https:\/\/d4dot.eu\/docs\/MODBUS_2021.pdf\" target=\"_blank\" rel=\"noreferrer noopener\">MODBUS_ITA_EN.pdf<\/a><\/p>\n\n\n\n<p>Descargar adjuntos:  <a href=\"https:\/\/d4dot.eu\/docs\/DEPLIANT_DOT4ALL_ITA.pdf\" target=\"_blank\" rel=\"noreferrer noopener\">DOT4ALL_ITA.pdf<\/a> <\/p>\n\n\n\n<h3>El Sistema REG en 5 puntos!<\/h3>\n\n\n\n<p>Descargar adjuntos: <a href=\"https:\/\/www.setecna.it\/wp-content\/uploads\/2024\/10\/SISTEMA-REG_5PUNTI_IT.pdf\" target=\"_blank\" rel=\"noreferrer noopener\">SISTEMA-REG_5PUNTI.pdf<\/a><\/p>\n\n\n\n<h3>Lista Serie Civiles<\/h3>\n\n\n\n<p>Descargar adjuntos: <a href=\"https:\/\/www.setecna.it\/wp-content\/uploads\/2024\/10\/SERIE_CIVILI_2024_ITA.pdf\" target=\"_blank\" rel=\"noreferrer noopener\">Serie Civili<\/a><\/p>\n\n\n\n<h3>DOCUMENTACI\u00d3N T\u00c9CNICA<\/h3>\n\n\n\n<h3 id=\"block-c6bf79a9-bc40-4e58-a234-cbf59b8a8d19\">Manual T\u00e9cnico del Sistema REG<\/h3>\n\n\n\n<p>Descargar adjuntos: <a href=\"https:\/\/setecna.atlassian.net\/wiki\/spaces\/PUBDOC\/overview\" target=\"_blank\" rel=\"noreferrer noopener\">Manuale Logiche Sistema REG<\/a><\/p>\n\n\n\n<p>Descargar adjuntos: <a href=\"https:\/\/www.setecna.it\/wp-content\/uploads\/2024\/10\/SISTEMA_REG_MANUALE_rev1.1.pdf\" target=\"_blank\" rel=\"noreferrer noopener\">Manuale Installazione Sistema REG.pdf<\/a><\/p>\n\n\n\n<h3>Documentaci\u00f3n de productos<\/h3>\n\n\n\n<p>Descargar Partidas del pliego de condiciones: <a href=\"https:\/\/d4dot.eu\/docs\/VOCI_DI_CAPITOLATO_09.2021.zip\" target=\"_blank\" rel=\"noreferrer noopener\">VOCI_DI_CAPITOLATO.zip<\/a><\/p>\n\n\n\n<p>Descargar Fichas t\u00e9cnicas: <a href=\"https:\/\/d4dot.eu\/docs\/DATASHEET_09.2021.zip\" target=\"_blank\" rel=\"noreferrer noopener\">DATASHEET.zip<\/a><\/p>\n\n\n\n<p>Descargar CAD: <a href=\"https:\/\/d4dot.eu\/docs\/CAD.zip\" target=\"_blank\" rel=\"noreferrer noopener\">CAD.zip<\/a><\/p>\n","protected":false},"excerpt":{"rendered":"<p>Cat\u00e1logo Completo Descargar el cat\u00e1logo: CAT\u00c1LOGO_ES.pdf Folleto Descargar adjuntos: SISTEMA-REG_IT_EN.pdf Descargar adjuntos: MODBUS_ITA_EN.pdf Descargar adjuntos: DOT4ALL_ITA.pdf El Sistema REG en 5 puntos! Descargar adjuntos: SISTEMA-REG_5PUNTI.pdf Lista Serie Civiles Descargar adjuntos: Serie Civili DOCUMENTACI\u00d3N T\u00c9CNICA Manual T\u00e9cnico del Sistema REG Descargar adjuntos: Manuale Logiche Sistema REG Descargar adjuntos: Manuale Installazione Sistema REG.pdf Documentaci\u00f3n de productos Descargar&hellip; <br \/> <a class=\"read-more\" href=\"https:\/\/www.setecna.it\/es\/documentacion-comercial\/\">Leer m\u00e1s<\/a><\/p>\n","protected":false},"author":1,"featured_media":0,"parent":0,"menu_order":1,"comment_status":"closed","ping_status":"closed","template":"","meta":[],"yoast_head":"<!-- This site is optimized with the Yoast SEO plugin v19.13 - https:\/\/yoast.com\/wordpress\/plugins\/seo\/ -->\n<title>DOCUMENTACI\u00d3N COMERCIAL - SETECNA EPC<\/title>\n<meta name=\"description\" content=\"Setecna, specialisti in progettazione e nella produzione di sistemi elettronici di regolazione e telecontrollo di impianti di riscaldamento\" \/>\n<meta name=\"robots\" content=\"index, follow, max-snippet:-1, max-image-preview:large, max-video-preview:-1\" \/>\n<link rel=\"canonical\" href=\"https:\/\/www.setecna.it\/es\/documentacion-comercial\/\" \/>\n<meta property=\"og:locale\" content=\"es_ES\" \/>\n<meta property=\"og:type\" content=\"article\" \/>\n<meta property=\"og:title\" content=\"DOCUMENTACI\u00d3N COMERCIAL - SETECNA EPC\" \/>\n<meta property=\"og:description\" content=\"Setecna, specialisti in progettazione e nella produzione di sistemi elettronici di regolazione e telecontrollo di impianti di riscaldamento\" \/>\n<meta property=\"og:url\" content=\"https:\/\/www.setecna.it\/es\/documentacion-comercial\/\" \/>\n<meta property=\"og:site_name\" content=\"SETECNA EPC\" \/>\n<meta property=\"article:modified_time\" content=\"2025-04-30T13:13:33+00:00\" \/>\n<meta name=\"twitter:card\" content=\"summary_large_image\" \/>\n<script type=\"application\/ld+json\" class=\"yoast-schema-graph\">{\"@context\":\"https:\/\/schema.org\",\"@graph\":[{\"@type\":\"WebPage\",\"@id\":\"https:\/\/www.setecna.it\/es\/documentacion-comercial\/\",\"url\":\"https:\/\/www.setecna.it\/es\/documentacion-comercial\/\",\"name\":\"DOCUMENTACI\u00d3N COMERCIAL - SETECNA EPC\",\"isPartOf\":{\"@id\":\"https:\/\/www.setecna.it\/#website\"},\"datePublished\":\"2025-04-30T13:11:04+00:00\",\"dateModified\":\"2025-04-30T13:13:33+00:00\",\"description\":\"Setecna, specialisti in progettazione e nella produzione di sistemi elettronici di regolazione e telecontrollo di impianti di riscaldamento\",\"breadcrumb\":{\"@id\":\"https:\/\/www.setecna.it\/es\/documentacion-comercial\/#breadcrumb\"},\"inLanguage\":\"es\",\"potentialAction\":[{\"@type\":\"ReadAction\",\"target\":[\"https:\/\/www.setecna.it\/es\/documentacion-comercial\/\"]}]},{\"@type\":\"BreadcrumbList\",\"@id\":\"https:\/\/www.setecna.it\/es\/documentacion-comercial\/#breadcrumb\",\"itemListElement\":[{\"@type\":\"ListItem\",\"position\":1,\"name\":\"Home\",\"item\":\"https:\/\/www.setecna.it\/es\/\"},{\"@type\":\"ListItem\",\"position\":2,\"name\":\"DOCUMENTACI\u00d3N COMERCIAL\"}]},{\"@type\":\"WebSite\",\"@id\":\"https:\/\/www.setecna.it\/#website\",\"url\":\"https:\/\/www.setecna.it\/\",\"name\":\"SETECNA EPC\",\"description\":\"Il benessere inizia anche da qui\",\"publisher\":{\"@id\":\"https:\/\/www.setecna.it\/#organization\"},\"potentialAction\":[{\"@type\":\"SearchAction\",\"target\":{\"@type\":\"EntryPoint\",\"urlTemplate\":\"https:\/\/www.setecna.it\/?s={search_term_string}\"},\"query-input\":\"required name=search_term_string\"}],\"inLanguage\":\"es\"},{\"@type\":\"Organization\",\"@id\":\"https:\/\/www.setecna.it\/#organization\",\"name\":\"Setecna EPC srl\",\"url\":\"https:\/\/www.setecna.it\/\",\"logo\":{\"@type\":\"ImageObject\",\"inLanguage\":\"es\",\"@id\":\"https:\/\/www.setecna.it\/#\/schema\/logo\/image\/\",\"url\":\"https:\/\/www.setecna.it\/wp-content\/uploads\/2022\/06\/cropped-cropped-Risorsa-3.png\",\"contentUrl\":\"https:\/\/www.setecna.it\/wp-content\/uploads\/2022\/06\/cropped-cropped-Risorsa-3.png\",\"width\":1864,\"height\":186,\"caption\":\"Setecna EPC srl\"},\"image\":{\"@id\":\"https:\/\/www.setecna.it\/#\/schema\/logo\/image\/\"}}]}<\/script>\n<!-- \/ Yoast SEO plugin. -->","yoast_head_json":{"title":"DOCUMENTACI\u00d3N COMERCIAL - SETECNA EPC","description":"Setecna, specialisti in progettazione e nella produzione di sistemi elettronici di regolazione e telecontrollo di impianti di riscaldamento","robots":{"index":"index","follow":"follow","max-snippet":"max-snippet:-1","max-image-preview":"max-image-preview:large","max-video-preview":"max-video-preview:-1"},"canonical":"https:\/\/www.setecna.it\/es\/documentacion-comercial\/","og_locale":"es_ES","og_type":"article","og_title":"DOCUMENTACI\u00d3N COMERCIAL - SETECNA EPC","og_description":"Setecna, specialisti in progettazione e nella produzione di sistemi elettronici di regolazione e telecontrollo di impianti di riscaldamento","og_url":"https:\/\/www.setecna.it\/es\/documentacion-comercial\/","og_site_name":"SETECNA EPC","article_modified_time":"2025-04-30T13:13:33+00:00","twitter_card":"summary_large_image","schema":{"@context":"https:\/\/schema.org","@graph":[{"@type":"WebPage","@id":"https:\/\/www.setecna.it\/es\/documentacion-comercial\/","url":"https:\/\/www.setecna.it\/es\/documentacion-comercial\/","name":"DOCUMENTACI\u00d3N COMERCIAL - SETECNA EPC","isPartOf":{"@id":"https:\/\/www.setecna.it\/#website"},"datePublished":"2025-04-30T13:11:04+00:00","dateModified":"2025-04-30T13:13:33+00:00","description":"Setecna, specialisti in progettazione e nella produzione di sistemi elettronici di regolazione e telecontrollo di impianti di riscaldamento","breadcrumb":{"@id":"https:\/\/www.setecna.it\/es\/documentacion-comercial\/#breadcrumb"},"inLanguage":"es","potentialAction":[{"@type":"ReadAction","target":["https:\/\/www.setecna.it\/es\/documentacion-comercial\/"]}]},{"@type":"BreadcrumbList","@id":"https:\/\/www.setecna.it\/es\/documentacion-comercial\/#breadcrumb","itemListElement":[{"@type":"ListItem","position":1,"name":"Home","item":"https:\/\/www.setecna.it\/es\/"},{"@type":"ListItem","position":2,"name":"DOCUMENTACI\u00d3N COMERCIAL"}]},{"@type":"WebSite","@id":"https:\/\/www.setecna.it\/#website","url":"https:\/\/www.setecna.it\/","name":"SETECNA EPC","description":"Il benessere inizia anche da qui","publisher":{"@id":"https:\/\/www.setecna.it\/#organization"},"potentialAction":[{"@type":"SearchAction","target":{"@type":"EntryPoint","urlTemplate":"https:\/\/www.setecna.it\/?s={search_term_string}"},"query-input":"required name=search_term_string"}],"inLanguage":"es"},{"@type":"Organization","@id":"https:\/\/www.setecna.it\/#organization","name":"Setecna EPC srl","url":"https:\/\/www.setecna.it\/","logo":{"@type":"ImageObject","inLanguage":"es","@id":"https:\/\/www.setecna.it\/#\/schema\/logo\/image\/","url":"https:\/\/www.setecna.it\/wp-content\/uploads\/2022\/06\/cropped-cropped-Risorsa-3.png","contentUrl":"https:\/\/www.setecna.it\/wp-content\/uploads\/2022\/06\/cropped-cropped-Risorsa-3.png","width":1864,"height":186,"caption":"Setecna EPC srl"},"image":{"@id":"https:\/\/www.setecna.it\/#\/schema\/logo\/image\/"}}]}},"_links":{"self":[{"href":"https:\/\/www.setecna.it\/es\/wp-json\/wp\/v2\/pages\/4251"}],"collection":[{"href":"https:\/\/www.setecna.it\/es\/wp-json\/wp\/v2\/pages"}],"about":[{"href":"https:\/\/www.setecna.it\/es\/wp-json\/wp\/v2\/types\/page"}],"author":[{"embeddable":true,"href":"https:\/\/www.setecna.it\/es\/wp-json\/wp\/v2\/users\/1"}],"replies":[{"embeddable":true,"href":"https:\/\/www.setecna.it\/es\/wp-json\/wp\/v2\/comments?post=4251"}],"version-history":[{"count":3,"href":"https:\/\/www.setecna.it\/es\/wp-json\/wp\/v2\/pages\/4251\/revisions"}],"predecessor-version":[{"id":4259,"href":"https:\/\/www.setecna.it\/es\/wp-json\/wp\/v2\/pages\/4251\/revisions\/4259"}],"wp:attachment":[{"href":"https:\/\/www.setecna.it\/es\/wp-json\/wp\/v2\/media?parent=4251"}],"curies":[{"name":"wp","href":"https:\/\/api.w.org\/{rel}","templated":true}]}}