{"id":3858,"date":"2025-04-15T12:56:07","date_gmt":"2025-04-15T10:56:07","guid":{"rendered":"https:\/\/www.setecna.it\/?page_id=3858"},"modified":"2025-04-30T08:54:11","modified_gmt":"2025-04-30T06:54:11","slug":"setecna-home","status":"publish","type":"page","link":"https:\/\/www.setecna.it\/es\/","title":{"rendered":"Setecna Home"},"content":{"rendered":"<div  data-label=\"Features\" data-id=\"features--2\" data-export-id=\"features-16-card-bordered-colored\" data-category=\"features\" class=\"features-16-card-bordered-colored content-section content-section-spacing content-relative section-title-col-\" id=\"features-2\" style=\"background-color: rgb(245, 250, 253); background-image: none;\" data-section-ov=\"1\"><div  class=\"gridContainer\"> <div  class=\"row text-center\"><div  class=\"section-title-col\" data-type=\"column\"> <h2  class=\"\">Electr\u00f3nica hecha en Italia<\/h2> <\/div> <\/div> <div  class=\"row spaced-cols\" data-type=\"row\"> <div  class=\"col-xs-12 col-sm-6 col-md-4\"> <div  class=\"card no-padding bottom-border-color1\"> <a data-cp-link=\"1\" href=\"https:\/\/www.setecna.it\/es\/modbus\" target=\"_self\" rel=\"noopener\"><img  class=\"face\" src=\"https:\/\/www.setecna.it\/wp-content\/uploads\/2022\/01\/cropped-cropped-setecna-modbus-home-2.png\" title=\"cropped-cropped-setecna-modbus-home-2.png\" alt=\"\"><\/a> <div  data-type=\"column\" class=\"col-padding-small col-padding-small-xs description-container\"> <h4  class=\"font-500 color1\">MODBUS<\/h4> <p  class=\"\">SETECNA EPC desarrolla dos l\u00edneas de productos con protocolo Modbus RTU: sensores empotrables con microprocesador para la medici\u00f3n de temperatura y humedad ambiente, con o sin pantalla, y gateways Modbus a OpenTherm para la gesti\u00f3n de generadores de calor.<\/p><\/div> <div  data-type=\"column\" class=\"col-padding-small col-padding-small-xs read-more-container\"><a class=\"read-more\" href=\"https:\/\/www.setecna.it\/es\/modbus\" target=\"_self\" data-cp-link=\"1\" rel=\"noopener\">descubre m\u00e1s\u2026<\/a><\/div> <\/div><\/div> <div  class=\"col-xs-12 col-sm-6 col-md-4\"><div  class=\"card no-padding bottom-border-color1\"> <a data-cp-link=\"1\" href=\"https:\/\/www.setecna.it\/es\/sistema-reg\" target=\"_self\" rel=\"noopener\"><img  class=\"face\" src=\"https:\/\/www.setecna.it\/wp-content\/uploads\/2024\/12\/cropped-cropped-REG-DOT-B-LIGHT-1.png\" title=\"cropped-cropped-REG-DOT-B-LIGHT-1.png\" alt=\"\"><\/a> <div  data-type=\"column\" class=\"col-padding-small col-padding-small-xs description-container\"> <h4  class=\"font-500 color1\">SISTEMA REG<\/h4> <p  class=\"\">El sistema REG es ideal para el control de sistemas radiantes de calefacci\u00f3n y refrigeraci\u00f3n, as\u00ed como para la gesti\u00f3n de centrales t\u00e9rmicas con bombas de calor y calderas.<\/p><\/div> <div  data-type=\"column\" class=\"col-padding-small col-padding-small-xs read-more-container\"><a class=\"read-more\" href=\"https:\/\/www.setecna.it\/es\/sistema-reg\" target=\"_self\" data-cp-link=\"1\" rel=\"noopener\">descubre m\u00e1s<\/a><\/div> <\/div><\/div> <div  class=\"col-xs-12 col-sm-6 col-md-4\"><div  class=\"card no-padding bottom-border-color1\"> <a data-cp-link=\"1\" href=\"https:\/\/www.setecna.it\/es\/sondas-de-temperatura-pasivas\" target=\"_self\" rel=\"noopener\"><img  class=\"face\" src=\"https:\/\/www.setecna.it\/wp-content\/uploads\/2022\/01\/cropped-sonde_logo1.png\" title=\"cropped-sonde_logo1.png\" alt=\"\"><\/a> <div  data-type=\"column\" class=\"col-padding-small col-padding-small-xs description-container\">  <h4  class=\"font-500 color1\">SONDAS DE TEMPERADURA PASIVAS<\/h4><p  class=\"\">Gracias al know-how y a los procesos de producci\u00f3n desarrollados para los sensores con microprocesador REG y Modbus, podemos fabricar sondas de temperatura pasivas para instalaci\u00f3n coordinada con las principales series de mecanismos empotrables.<\/p><\/div> <div  data-type=\"column\" class=\"col-padding-small col-padding-small-xs read-more-container\"><a class=\"read-more\" href=\"https:\/\/www.setecna.it\/es\/sondas-de-temperatura-pasivas\" target=\"_self\" data-cp-link=\"1\" rel=\"noopener\">descubre m\u00e1s<\/a><\/div> <\/div><\/div> <\/div><\/div> <\/div>","protected":false},"excerpt":{"rendered":"<p>Electr\u00f3nica hecha en Italia MODBUS SETECNA EPC desarrolla dos l\u00edneas de productos con protocolo Modbus RTU: sensores empotrables con microprocesador para la medici\u00f3n de temperatura y humedad ambiente, con o sin pantalla, y gateways Modbus a OpenTherm para la gesti\u00f3n de generadores de calor. descubre m\u00e1s\u2026 SISTEMA REG El sistema REG es ideal para el&hellip; <br \/> <a class=\"read-more\" href=\"https:\/\/www.setecna.it\/es\/\">Leer m\u00e1s<\/a><\/p>\n","protected":false},"author":1,"featured_media":0,"parent":0,"menu_order":0,"comment_status":"closed","ping_status":"closed","template":"page-templates\/homepage.php","meta":[],"yoast_head":"<!-- This site is optimized with the Yoast SEO plugin v19.13 - https:\/\/yoast.com\/wordpress\/plugins\/seo\/ -->\n<title>Setecna Home - SETECNA EPC<\/title>\n<meta name=\"description\" content=\"Setecna, specialisti in progettazione e nella produzione di sistemi elettronici di regolazione e telecontrollo di impianti di riscaldamento\" \/>\n<meta name=\"robots\" content=\"index, follow, max-snippet:-1, max-image-preview:large, max-video-preview:-1\" \/>\n<link rel=\"canonical\" href=\"https:\/\/www.setecna.it\/es\/\" \/>\n<meta property=\"og:locale\" content=\"es_ES\" \/>\n<meta property=\"og:type\" content=\"article\" \/>\n<meta property=\"og:title\" content=\"Setecna Home - SETECNA EPC\" \/>\n<meta property=\"og:description\" content=\"Setecna, specialisti in progettazione e nella produzione di sistemi elettronici di regolazione e telecontrollo di impianti di riscaldamento\" \/>\n<meta property=\"og:url\" content=\"https:\/\/www.setecna.it\/es\/\" \/>\n<meta property=\"og:site_name\" content=\"SETECNA EPC\" \/>\n<meta property=\"article:modified_time\" content=\"2025-04-30T06:54:11+00:00\" \/>\n<meta property=\"og:image\" content=\"https:\/\/www.setecna.it\/wp-content\/uploads\/2022\/01\/cropped-cropped-setecna-modbus-home-2.png\" \/>\n<meta name=\"twitter:card\" content=\"summary_large_image\" \/>\n<meta name=\"twitter:label1\" content=\"Tiempo de lectura\" \/>\n\t<meta name=\"twitter:data1\" content=\"1 minuto\" \/>\n<script type=\"application\/ld+json\" class=\"yoast-schema-graph\">{\"@context\":\"https:\/\/schema.org\",\"@graph\":[{\"@type\":\"WebPage\",\"@id\":\"https:\/\/www.setecna.it\/es\/\",\"url\":\"https:\/\/www.setecna.it\/es\/\",\"name\":\"Setecna Home - SETECNA EPC\",\"isPartOf\":{\"@id\":\"https:\/\/www.setecna.it\/#website\"},\"datePublished\":\"2025-04-15T10:56:07+00:00\",\"dateModified\":\"2025-04-30T06:54:11+00:00\",\"description\":\"Setecna, specialisti in progettazione e nella produzione di sistemi elettronici di regolazione e telecontrollo di impianti di riscaldamento\",\"breadcrumb\":{\"@id\":\"https:\/\/www.setecna.it\/es\/#breadcrumb\"},\"inLanguage\":\"es\",\"potentialAction\":[{\"@type\":\"ReadAction\",\"target\":[\"https:\/\/www.setecna.it\/es\/\"]}]},{\"@type\":\"BreadcrumbList\",\"@id\":\"https:\/\/www.setecna.it\/es\/#breadcrumb\",\"itemListElement\":[{\"@type\":\"ListItem\",\"position\":1,\"name\":\"Home\",\"item\":\"https:\/\/www.setecna.it\/es\/\"},{\"@type\":\"ListItem\",\"position\":2,\"name\":\"Setecna Home\"}]},{\"@type\":\"WebSite\",\"@id\":\"https:\/\/www.setecna.it\/#website\",\"url\":\"https:\/\/www.setecna.it\/\",\"name\":\"SETECNA EPC\",\"description\":\"Il benessere inizia anche da qui\",\"publisher\":{\"@id\":\"https:\/\/www.setecna.it\/#organization\"},\"potentialAction\":[{\"@type\":\"SearchAction\",\"target\":{\"@type\":\"EntryPoint\",\"urlTemplate\":\"https:\/\/www.setecna.it\/?s={search_term_string}\"},\"query-input\":\"required name=search_term_string\"}],\"inLanguage\":\"es\"},{\"@type\":\"Organization\",\"@id\":\"https:\/\/www.setecna.it\/#organization\",\"name\":\"Setecna EPC srl\",\"url\":\"https:\/\/www.setecna.it\/\",\"logo\":{\"@type\":\"ImageObject\",\"inLanguage\":\"es\",\"@id\":\"https:\/\/www.setecna.it\/#\/schema\/logo\/image\/\",\"url\":\"https:\/\/www.setecna.it\/wp-content\/uploads\/2022\/06\/cropped-cropped-Risorsa-3.png\",\"contentUrl\":\"https:\/\/www.setecna.it\/wp-content\/uploads\/2022\/06\/cropped-cropped-Risorsa-3.png\",\"width\":1864,\"height\":186,\"caption\":\"Setecna EPC srl\"},\"image\":{\"@id\":\"https:\/\/www.setecna.it\/#\/schema\/logo\/image\/\"}}]}<\/script>\n<!-- \/ Yoast SEO plugin. -->","yoast_head_json":{"title":"Setecna Home - SETECNA EPC","description":"Setecna, specialisti in progettazione e nella produzione di sistemi elettronici di regolazione e telecontrollo di impianti di riscaldamento","robots":{"index":"index","follow":"follow","max-snippet":"max-snippet:-1","max-image-preview":"max-image-preview:large","max-video-preview":"max-video-preview:-1"},"canonical":"https:\/\/www.setecna.it\/es\/","og_locale":"es_ES","og_type":"article","og_title":"Setecna Home - SETECNA EPC","og_description":"Setecna, specialisti in progettazione e nella produzione di sistemi elettronici di regolazione e telecontrollo di impianti di riscaldamento","og_url":"https:\/\/www.setecna.it\/es\/","og_site_name":"SETECNA EPC","article_modified_time":"2025-04-30T06:54:11+00:00","og_image":[{"url":"https:\/\/www.setecna.it\/wp-content\/uploads\/2022\/01\/cropped-cropped-setecna-modbus-home-2.png"}],"twitter_card":"summary_large_image","twitter_misc":{"Tiempo de lectura":"1 minuto"},"schema":{"@context":"https:\/\/schema.org","@graph":[{"@type":"WebPage","@id":"https:\/\/www.setecna.it\/es\/","url":"https:\/\/www.setecna.it\/es\/","name":"Setecna Home - SETECNA EPC","isPartOf":{"@id":"https:\/\/www.setecna.it\/#website"},"datePublished":"2025-04-15T10:56:07+00:00","dateModified":"2025-04-30T06:54:11+00:00","description":"Setecna, specialisti in progettazione e nella produzione di sistemi elettronici di regolazione e telecontrollo di impianti di riscaldamento","breadcrumb":{"@id":"https:\/\/www.setecna.it\/es\/#breadcrumb"},"inLanguage":"es","potentialAction":[{"@type":"ReadAction","target":["https:\/\/www.setecna.it\/es\/"]}]},{"@type":"BreadcrumbList","@id":"https:\/\/www.setecna.it\/es\/#breadcrumb","itemListElement":[{"@type":"ListItem","position":1,"name":"Home","item":"https:\/\/www.setecna.it\/es\/"},{"@type":"ListItem","position":2,"name":"Setecna Home"}]},{"@type":"WebSite","@id":"https:\/\/www.setecna.it\/#website","url":"https:\/\/www.setecna.it\/","name":"SETECNA EPC","description":"Il benessere inizia anche da qui","publisher":{"@id":"https:\/\/www.setecna.it\/#organization"},"potentialAction":[{"@type":"SearchAction","target":{"@type":"EntryPoint","urlTemplate":"https:\/\/www.setecna.it\/?s={search_term_string}"},"query-input":"required name=search_term_string"}],"inLanguage":"es"},{"@type":"Organization","@id":"https:\/\/www.setecna.it\/#organization","name":"Setecna EPC srl","url":"https:\/\/www.setecna.it\/","logo":{"@type":"ImageObject","inLanguage":"es","@id":"https:\/\/www.setecna.it\/#\/schema\/logo\/image\/","url":"https:\/\/www.setecna.it\/wp-content\/uploads\/2022\/06\/cropped-cropped-Risorsa-3.png","contentUrl":"https:\/\/www.setecna.it\/wp-content\/uploads\/2022\/06\/cropped-cropped-Risorsa-3.png","width":1864,"height":186,"caption":"Setecna EPC srl"},"image":{"@id":"https:\/\/www.setecna.it\/#\/schema\/logo\/image\/"}}]}},"_links":{"self":[{"href":"https:\/\/www.setecna.it\/es\/wp-json\/wp\/v2\/pages\/3858"}],"collection":[{"href":"https:\/\/www.setecna.it\/es\/wp-json\/wp\/v2\/pages"}],"about":[{"href":"https:\/\/www.setecna.it\/es\/wp-json\/wp\/v2\/types\/page"}],"author":[{"embeddable":true,"href":"https:\/\/www.setecna.it\/es\/wp-json\/wp\/v2\/users\/1"}],"replies":[{"embeddable":true,"href":"https:\/\/www.setecna.it\/es\/wp-json\/wp\/v2\/comments?post=3858"}],"version-history":[{"count":5,"href":"https:\/\/www.setecna.it\/es\/wp-json\/wp\/v2\/pages\/3858\/revisions"}],"predecessor-version":[{"id":4217,"href":"https:\/\/www.setecna.it\/es\/wp-json\/wp\/v2\/pages\/3858\/revisions\/4217"}],"wp:attachment":[{"href":"https:\/\/www.setecna.it\/es\/wp-json\/wp\/v2\/media?parent=3858"}],"curies":[{"name":"wp","href":"https:\/\/api.w.org\/{rel}","templated":true}]}}