{"id":3847,"date":"2025-04-15T12:42:23","date_gmt":"2025-04-15T10:42:23","guid":{"rendered":"https:\/\/www.setecna.it\/?page_id=3847"},"modified":"2025-04-17T10:38:10","modified_gmt":"2025-04-17T08:38:10","slug":"soluciones","status":"publish","type":"page","link":"https:\/\/www.setecna.it\/es\/soluciones\/","title":{"rendered":"SOLUCIONES"},"content":{"rendered":"\n<h4 class=\"has-black-color has-text-color\">Nuestras soluciones en 5 puntos<\/h4>\n\n\n\n<h3>SISTEMA REG<\/h3>\n\n\n\n<p>Es un sistema de termorregulaci\u00f3n para instalaciones de calefacci\u00f3n, refrigeraci\u00f3n y producci\u00f3n de agua caliente sanitaria. Puede utilizarse tanto para el control de la distribuci\u00f3n como para la gesti\u00f3n de la central t\u00e9rmica, o para ambos.<\/p>\n\n\n\n<p>Si se utiliza para la parte de distribuci\u00f3n, puede gestionar: sistemas radiantes por suelo para calefacci\u00f3n y tambi\u00e9n para refrigeraci\u00f3n, ya que permite controlar la formaci\u00f3n de condensaci\u00f3n, incluyendo el deshumidificador; sistemas con unidad ventiloconvector y radiadores; puede gestionar unidades de ventilaci\u00f3n mec\u00e1nica y unidades de integraci\u00f3n, tanto mediante contactos secos como v\u00eda Modbus, utilizando firmwares dedicados.<\/p>\n\n\n\n<p>Si se utiliza para la central t\u00e9rmica, puede controlar generadores de calefacci\u00f3n y refrigeraci\u00f3n (calderas, bombas de calor, estufas de pellets, chimeneas de le\u00f1a con circuito de agua, etc.) mediante contacto seco, salida de 0\/10V para el set point, protocolo OpenTherm o Modbus RTU.<\/p>\n\n\n\n<p>El sistema REG puede gestionarse tanto mediante BMS (Modbus RTU o TCP\/IP y KNX), como mediante nuestro sistema de telegesti\u00f3n a trav\u00e9s de Wifi, LAN o LTE\/4G.<\/p>\n\n\n\n<p><a href=\"https:\/\/www.setecna.it\/es\/sistema-reg\/\">&#8230;\u00a1descubre m\u00e1s!<\/a><\/p>\n\n\n\n<h3>MODBUS<\/h3>\n\n\n\n<p>Es un protocolo consolidado y ampliamente difundido en el sector de la termorregulaci\u00f3n.<\/p>\n\n\n\n<p>Setecna EPC pone a disposici\u00f3n de dise\u00f1adores y fabricantes de sistemas dom\u00f3ticos para la gesti\u00f3n de instalaciones v\u00eda Modbus, productos como sensores de temperatura y humedad y pasarelas a OpenTherm para el control de generadores t\u00e9rmicos.<\/p>\n\n\n\n<p><a href=\"https:\/\/www.setecna.it\/es\/modbus\/\" target=\"_blank\" rel=\"noreferrer noopener\">&#8230;\u00a1descubre m\u00e1s!<\/a><\/p>\n\n\n\n<h3>SONDAS DE TEMPERATURA AMBIENTAL PASIVAS<\/h3>\n\n\n\n<p>Gracias al know-how adquirido en la producci\u00f3n de sensores Modbus y del sistema REG, Setecna EPC puede fabricar sondas de temperatura pasivas compatibles con las principales series de mecanismos empotrables:<\/p>\n\n\n\n<ul><li>BTicino (International, Living Light, Living NOW, Matix, Axolute)<\/li><li>Vimar (Plana, Idea, Eikon, Ark\u00e9), <\/li><li>Gewiss (System, Chorus), <\/li><li>ABB (Mylos, Chiara), <\/li><li>Legrand Vela, <\/li><li>AVE (Life, Domus, Tekla, Allumia), <\/li><li>URMET Nea, <\/li><li>JUNG LS cuadrada.<\/li><\/ul>\n\n\n\n<p>\u00a1y mucho m\u00e1s!<\/p>\n\n\n\n<p><a href=\"https:\/\/www.setecna.it\/es\/sondas-de-temperatura-pasivas\/\">&#8230; \u00a1descubre m\u00e1s!<\/a><\/p>\n\n\n\n<p><sup><em>Las marcas mencionadas anteriormente son marcas registradas propiedad de sus respectivas empresas.<\/em><\/sup><\/p>\n\n\n\n<h3>PRODUCTOS OEM<\/h3>\n\n\n\n<p>Los productos OEM (Original Equipment Manufacturer) son soluciones desarrolladas a medida seg\u00fan las especificaciones de nuestros clientes, totalmente personalizables tanto en la parte hardware como en la parte firmware.<\/p>\n\n\n\n<p>Dado que Setecna EPC es una empresa con un know-how t\u00e9cnico completo, es posible acompa\u00f1ar al cliente desde la ideaci\u00f3n del producto hasta la entrega del producto terminado, pasando por todas las fases intermedias (definici\u00f3n de especificaciones, ingenier\u00eda del sistema, producci\u00f3n y prueba del hardware, desarrollo del firmware).<\/p>\n\n\n\n<p><a href=\"https:\/\/www.setecna.it\/es\/productos-oem\/\">&#8230; \u00a1descubre m\u00e1s!<\/a><\/p>\n\n\n\n<h3>DOT<\/h3>\n\n\n\n<p>La pantalla t\u00e1ctil DOT es un termostato inteligente simple e intuitivo con pantalla TFT a color de 4,3\u201d, pensado para interactuar con un sistema HVAC y combinar la flexibilidad del Sistema REG con los requisitos espec\u00edficos del cliente.<\/p>\n\n\n\n<p>En su versi\u00f3n m\u00e1s completa, el DOT incorpora un sensor de temperatura y humedad integrado, una entrada anal\u00f3gica\/digital, un bus OpenTherm, un bus Modbus, un bus REG, un m\u00f3dulo Wifi y un puerto mini USB tipo B 2.0.<\/p>\n\n\n\n<p>El DOT puede suministrarse con diferentes configuraciones de hardware y con un firmware completamente personalizable, permitiendo la supervisi\u00f3n total de un sistema HVAC y su telegesti\u00f3n v\u00eda web y aplicaci\u00f3n m\u00f3vil.<\/p>\n\n\n\n<p>.<a href=\"https:\/\/www.setecna.it\/es\/regulaciones-avanzados-dot\/\">.. \u00a1descubre m\u00e1s!<\/a><\/p>\n","protected":false},"excerpt":{"rendered":"<p>Nuestras soluciones en 5 puntos SISTEMA REG Es un sistema de termorregulaci\u00f3n para instalaciones de calefacci\u00f3n, refrigeraci\u00f3n y producci\u00f3n de agua caliente sanitaria. Puede utilizarse tanto para el control de la distribuci\u00f3n como para la gesti\u00f3n de la central t\u00e9rmica, o para ambos. Si se utiliza para la parte de distribuci\u00f3n, puede gestionar: sistemas radiantes&hellip; <br \/> <a class=\"read-more\" href=\"https:\/\/www.setecna.it\/es\/soluciones\/\">Leer m\u00e1s<\/a><\/p>\n","protected":false},"author":1,"featured_media":0,"parent":0,"menu_order":0,"comment_status":"closed","ping_status":"closed","template":"","meta":[],"yoast_head":"<!-- This site is optimized with the Yoast SEO plugin v19.13 - https:\/\/yoast.com\/wordpress\/plugins\/seo\/ -->\n<title>SOLUCIONES - SETECNA EPC<\/title>\n<meta name=\"description\" content=\"Setecna, specialisti in progettazione e nella produzione di sistemi elettronici di regolazione e telecontrollo di impianti di riscaldamento\" \/>\n<meta name=\"robots\" content=\"index, follow, max-snippet:-1, max-image-preview:large, max-video-preview:-1\" \/>\n<link rel=\"canonical\" href=\"https:\/\/www.setecna.it\/es\/soluciones\/\" \/>\n<meta property=\"og:locale\" content=\"es_ES\" \/>\n<meta property=\"og:type\" content=\"article\" \/>\n<meta property=\"og:title\" content=\"SOLUCIONES - SETECNA EPC\" \/>\n<meta property=\"og:description\" content=\"Setecna, specialisti in progettazione e nella produzione di sistemi elettronici di regolazione e telecontrollo di impianti di riscaldamento\" \/>\n<meta property=\"og:url\" content=\"https:\/\/www.setecna.it\/es\/soluciones\/\" \/>\n<meta property=\"og:site_name\" content=\"SETECNA EPC\" \/>\n<meta property=\"article:modified_time\" content=\"2025-04-17T08:38:10+00:00\" \/>\n<meta name=\"twitter:card\" content=\"summary_large_image\" \/>\n<meta name=\"twitter:label1\" content=\"Tiempo de lectura\" \/>\n\t<meta name=\"twitter:data1\" content=\"3 minutos\" \/>\n<script type=\"application\/ld+json\" class=\"yoast-schema-graph\">{\"@context\":\"https:\/\/schema.org\",\"@graph\":[{\"@type\":\"WebPage\",\"@id\":\"https:\/\/www.setecna.it\/es\/soluciones\/\",\"url\":\"https:\/\/www.setecna.it\/es\/soluciones\/\",\"name\":\"SOLUCIONES - SETECNA EPC\",\"isPartOf\":{\"@id\":\"https:\/\/www.setecna.it\/#website\"},\"datePublished\":\"2025-04-15T10:42:23+00:00\",\"dateModified\":\"2025-04-17T08:38:10+00:00\",\"description\":\"Setecna, specialisti in progettazione e nella produzione di sistemi elettronici di regolazione e telecontrollo di impianti di riscaldamento\",\"breadcrumb\":{\"@id\":\"https:\/\/www.setecna.it\/es\/soluciones\/#breadcrumb\"},\"inLanguage\":\"es\",\"potentialAction\":[{\"@type\":\"ReadAction\",\"target\":[\"https:\/\/www.setecna.it\/es\/soluciones\/\"]}]},{\"@type\":\"BreadcrumbList\",\"@id\":\"https:\/\/www.setecna.it\/es\/soluciones\/#breadcrumb\",\"itemListElement\":[{\"@type\":\"ListItem\",\"position\":1,\"name\":\"Home\",\"item\":\"https:\/\/www.setecna.it\/es\/\"},{\"@type\":\"ListItem\",\"position\":2,\"name\":\"SOLUCIONES\"}]},{\"@type\":\"WebSite\",\"@id\":\"https:\/\/www.setecna.it\/#website\",\"url\":\"https:\/\/www.setecna.it\/\",\"name\":\"SETECNA EPC\",\"description\":\"Il benessere inizia anche da qui\",\"publisher\":{\"@id\":\"https:\/\/www.setecna.it\/#organization\"},\"potentialAction\":[{\"@type\":\"SearchAction\",\"target\":{\"@type\":\"EntryPoint\",\"urlTemplate\":\"https:\/\/www.setecna.it\/?s={search_term_string}\"},\"query-input\":\"required name=search_term_string\"}],\"inLanguage\":\"es\"},{\"@type\":\"Organization\",\"@id\":\"https:\/\/www.setecna.it\/#organization\",\"name\":\"Setecna EPC srl\",\"url\":\"https:\/\/www.setecna.it\/\",\"logo\":{\"@type\":\"ImageObject\",\"inLanguage\":\"es\",\"@id\":\"https:\/\/www.setecna.it\/#\/schema\/logo\/image\/\",\"url\":\"https:\/\/www.setecna.it\/wp-content\/uploads\/2022\/06\/cropped-cropped-Risorsa-3.png\",\"contentUrl\":\"https:\/\/www.setecna.it\/wp-content\/uploads\/2022\/06\/cropped-cropped-Risorsa-3.png\",\"width\":1864,\"height\":186,\"caption\":\"Setecna EPC srl\"},\"image\":{\"@id\":\"https:\/\/www.setecna.it\/#\/schema\/logo\/image\/\"}}]}<\/script>\n<!-- \/ Yoast SEO plugin. -->","yoast_head_json":{"title":"SOLUCIONES - SETECNA EPC","description":"Setecna, specialisti in progettazione e nella produzione di sistemi elettronici di regolazione e telecontrollo di impianti di riscaldamento","robots":{"index":"index","follow":"follow","max-snippet":"max-snippet:-1","max-image-preview":"max-image-preview:large","max-video-preview":"max-video-preview:-1"},"canonical":"https:\/\/www.setecna.it\/es\/soluciones\/","og_locale":"es_ES","og_type":"article","og_title":"SOLUCIONES - SETECNA EPC","og_description":"Setecna, specialisti in progettazione e nella produzione di sistemi elettronici di regolazione e telecontrollo di impianti di riscaldamento","og_url":"https:\/\/www.setecna.it\/es\/soluciones\/","og_site_name":"SETECNA EPC","article_modified_time":"2025-04-17T08:38:10+00:00","twitter_card":"summary_large_image","twitter_misc":{"Tiempo de lectura":"3 minutos"},"schema":{"@context":"https:\/\/schema.org","@graph":[{"@type":"WebPage","@id":"https:\/\/www.setecna.it\/es\/soluciones\/","url":"https:\/\/www.setecna.it\/es\/soluciones\/","name":"SOLUCIONES - SETECNA EPC","isPartOf":{"@id":"https:\/\/www.setecna.it\/#website"},"datePublished":"2025-04-15T10:42:23+00:00","dateModified":"2025-04-17T08:38:10+00:00","description":"Setecna, specialisti in progettazione e nella produzione di sistemi elettronici di regolazione e telecontrollo di impianti di riscaldamento","breadcrumb":{"@id":"https:\/\/www.setecna.it\/es\/soluciones\/#breadcrumb"},"inLanguage":"es","potentialAction":[{"@type":"ReadAction","target":["https:\/\/www.setecna.it\/es\/soluciones\/"]}]},{"@type":"BreadcrumbList","@id":"https:\/\/www.setecna.it\/es\/soluciones\/#breadcrumb","itemListElement":[{"@type":"ListItem","position":1,"name":"Home","item":"https:\/\/www.setecna.it\/es\/"},{"@type":"ListItem","position":2,"name":"SOLUCIONES"}]},{"@type":"WebSite","@id":"https:\/\/www.setecna.it\/#website","url":"https:\/\/www.setecna.it\/","name":"SETECNA EPC","description":"Il benessere inizia anche da qui","publisher":{"@id":"https:\/\/www.setecna.it\/#organization"},"potentialAction":[{"@type":"SearchAction","target":{"@type":"EntryPoint","urlTemplate":"https:\/\/www.setecna.it\/?s={search_term_string}"},"query-input":"required name=search_term_string"}],"inLanguage":"es"},{"@type":"Organization","@id":"https:\/\/www.setecna.it\/#organization","name":"Setecna EPC srl","url":"https:\/\/www.setecna.it\/","logo":{"@type":"ImageObject","inLanguage":"es","@id":"https:\/\/www.setecna.it\/#\/schema\/logo\/image\/","url":"https:\/\/www.setecna.it\/wp-content\/uploads\/2022\/06\/cropped-cropped-Risorsa-3.png","contentUrl":"https:\/\/www.setecna.it\/wp-content\/uploads\/2022\/06\/cropped-cropped-Risorsa-3.png","width":1864,"height":186,"caption":"Setecna EPC srl"},"image":{"@id":"https:\/\/www.setecna.it\/#\/schema\/logo\/image\/"}}]}},"_links":{"self":[{"href":"https:\/\/www.setecna.it\/es\/wp-json\/wp\/v2\/pages\/3847"}],"collection":[{"href":"https:\/\/www.setecna.it\/es\/wp-json\/wp\/v2\/pages"}],"about":[{"href":"https:\/\/www.setecna.it\/es\/wp-json\/wp\/v2\/types\/page"}],"author":[{"embeddable":true,"href":"https:\/\/www.setecna.it\/es\/wp-json\/wp\/v2\/users\/1"}],"replies":[{"embeddable":true,"href":"https:\/\/www.setecna.it\/es\/wp-json\/wp\/v2\/comments?post=3847"}],"version-history":[{"count":3,"href":"https:\/\/www.setecna.it\/es\/wp-json\/wp\/v2\/pages\/3847\/revisions"}],"predecessor-version":[{"id":3980,"href":"https:\/\/www.setecna.it\/es\/wp-json\/wp\/v2\/pages\/3847\/revisions\/3980"}],"wp:attachment":[{"href":"https:\/\/www.setecna.it\/es\/wp-json\/wp\/v2\/media?parent=3847"}],"curies":[{"name":"wp","href":"https:\/\/api.w.org\/{rel}","templated":true}]}}