{"id":3820,"date":"2025-04-15T10:13:37","date_gmt":"2025-04-15T08:13:37","guid":{"rendered":"https:\/\/www.setecna.it\/?page_id=3820"},"modified":"2025-04-30T10:27:49","modified_gmt":"2025-04-30T08:27:49","slug":"modbus","status":"publish","type":"page","link":"https:\/\/www.setecna.it\/es\/modbus\/","title":{"rendered":"MODBUS"},"content":{"rendered":"\n<div class=\"wp-block-media-text alignwide has-media-on-the-right is-stacked-on-mobile\" style=\"grid-template-columns:auto 36%\"><figure class=\"wp-block-media-text__media\"><img loading=\"lazy\" width=\"700\" height=\"223\" src=\"https:\/\/www.setecna.it\/wp-content\/uploads\/2022\/01\/modbus_logo_med.png\" alt=\"\" class=\"wp-image-1982 size-full\" srcset=\"https:\/\/www.setecna.it\/wp-content\/uploads\/2022\/01\/modbus_logo_med.png 700w, https:\/\/www.setecna.it\/wp-content\/uploads\/2022\/01\/modbus_logo_med-300x96.png 300w, https:\/\/www.setecna.it\/wp-content\/uploads\/2022\/01\/modbus_logo_med-600x191.png 600w\" sizes=\"(max-width: 700px) 100vw, 700px\" \/><\/figure><div class=\"wp-block-media-text__content\">\n<h3 class=\"has-black-color has-text-color\"><strong>Setecna EPC desarrolla dos l\u00edneas de producto con protocolo MODBUS RTU:<\/strong><\/h3>\n\n\n\n<h4 class=\"has-black-color has-text-color\">1. Sensores empotrables con microprocesador para la medici\u00f3n de temperatura y la humedad ambiente<\/h4>\n\n\n\n<p><\/p>\n\n\n\n<h4 class=\"has-black-color has-text-color\">2. Gateway modbus a OpenTherm para la gesti\u00f3n de generadores de calor<\/h4>\n<\/div><\/div>\n\n\n\n<div style=\"height:77px\" aria-hidden=\"true\" class=\"wp-block-spacer\"><\/div>\n\n\n\n<h3>Integraci\u00f3n est\u00e9tica y funcionalidad<\/h3>\n\n\n\n<p style=\"font-size:16px\">Los sensores de temperatura y humedad est\u00e1n integrados directamente en los componentes modulares de las principales series civil de mecanismos empotrables (BTcinino\u2026): se integran perfectamente con cualquier elecci\u00f3n est\u00e9tica del cliente; la pantalla LED de alta visibilidad y los botones con tecnolog\u00eda t\u00e1ctil aportan funcionalidad y elegancia.<\/p>\n\n\n\n<h4 class=\"has-black-color has-text-color has-medium-font-size\">Versiones disponibles:<\/h4>\n\n\n\n<ul class=\"has-black-color has-text-color\" style=\"font-size:16px\"><li>Sensor de temperatura y humedad relativa ambiente, sin pantalla<\/li><li>Sensor de temperatura y humedad relativa ambiente, con pantalla LED e interfaz t\u00e1ctil.<\/li><\/ul>\n\n\n\n<h4 class=\"has-black-color has-text-color has-medium-font-size\">Funciones disponibles en la versi\u00f3n con pantalla t\u00e1ctil<\/h4>\n\n\n\n<ul style=\"font-size:16px\"><li>Visualizar la temperatura y la humedad relativa ambiente<\/li><li>Visualizar un indicador de \u201cSistema activo\u201d<\/li><li>Visualizar y modificar un punto de ajusta de temperatura ambiente.<\/li><li>Visualizar y modificar un modo de funcionamiento (ON\/OFF\/AUTO)<\/li><\/ul>\n\n\n\n<h4 class=\"has-black-color has-text-color has-medium-font-size\">Control via Modbus<\/h4>\n\n\n\n<p style=\"font-size:16px\">Las funciones \u201cSistema Activo\u201d, \u201cpunto de ajusta\u201d y \u201cmodo de funcionamiento\u201d son controlables desde el Master MODBUS, que puede habilitarlas, configurar los valores, o deshabilitarlas.<\/p>\n\n\n\n<h4 class=\"has-black-color has-text-color has-medium-font-size\">Compatibilidad y configuraci\u00f3n<\/h4>\n\n\n\n<p style=\"font-size:16px\">Todos los sensores son compatibles con el protocolo modbus RTU y ambas versiones est\u00e1n disponibles tanto con baud rate 19200 como 9600; otras configuraciones pueden suministrarse bajo petici\u00f3n.<\/p>\n\n\n\n<h4 class=\"has-black-color has-text-color has-medium-font-size\">Caracter\u00edsticas de las pasarelas<\/h4>\n\n\n\n<ul style=\"font-size:16px\"><li>Gesti\u00f3n de generadores OpenTherm desde Master Modbus RTU<\/li><li>Disponibles en versiones de 1 o 4 canales<\/li><li>Lectura y escritura de par\u00e1metros OpenTherm (lectura de sondas, errores, configuraci\u00f3n del punto de ajusta, modo de funcionamniento del generador&#8230;)<\/li><li>Configuraci\u00f3n del baud rate (19200 o 9600) y paridad v\u00eda DIP switch<\/li><\/ul>\n\n\n\n<div style=\"height:34px\" aria-hidden=\"true\" class=\"wp-block-spacer\"><\/div>\n\n\n\n<h3 class=\"has-black-color has-text-color\"><em>\u00a1Consulta los productos disponibles!<\/em><\/h3>\n\n\n\n<div class=\"wp-container-1 wp-block-buttons\">\n<div class=\"wp-block-button\"><a class=\"wp-block-button__link\" href=\"https:\/\/www.setecna.it\/es\/categoria-prodotto\/sensori-temperatura-e-umidita-modbus\/\" target=\"_blank\" rel=\"noreferrer noopener\">ENLACE A LOS SENSORES MODBUS<\/a><\/div>\n\n\n\n<div class=\"wp-block-button\"><a class=\"wp-block-button__link\" href=\"https:\/\/www.setecna.it\/es\/categoria-prodotto\/interfacce-opentherm-es\/\" target=\"_blank\" rel=\"noreferrer noopener\">ENLACE A LAS INTERFACES MODBUS<\/a><\/div>\n<\/div>\n\n\n\n<p><\/p>\n","protected":false},"excerpt":{"rendered":"<p>Setecna EPC desarrolla dos l\u00edneas de producto con protocolo MODBUS RTU: 1. Sensores empotrables con microprocesador para la medici\u00f3n de temperatura y la humedad ambiente 2. Gateway modbus a OpenTherm para la gesti\u00f3n de generadores de calor Integraci\u00f3n est\u00e9tica y funcionalidad Los sensores de temperatura y humedad est\u00e1n integrados directamente en los componentes modulares de&hellip; <br \/> <a class=\"read-more\" href=\"https:\/\/www.setecna.it\/es\/modbus\/\">Leer m\u00e1s<\/a><\/p>\n","protected":false},"author":1,"featured_media":0,"parent":0,"menu_order":0,"comment_status":"closed","ping_status":"closed","template":"","meta":[],"yoast_head":"<!-- This site is optimized with the Yoast SEO plugin v19.13 - https:\/\/yoast.com\/wordpress\/plugins\/seo\/ -->\n<title>MODBUS - SETECNA EPC<\/title>\n<meta name=\"description\" content=\"Setecna, specialisti in progettazione e nella produzione di sistemi elettronici di regolazione e telecontrollo di impianti di riscaldamento\" \/>\n<meta name=\"robots\" content=\"index, follow, max-snippet:-1, max-image-preview:large, max-video-preview:-1\" \/>\n<link rel=\"canonical\" href=\"https:\/\/www.setecna.it\/es\/modbus\/\" \/>\n<meta property=\"og:locale\" content=\"es_ES\" \/>\n<meta property=\"og:type\" content=\"article\" \/>\n<meta property=\"og:title\" content=\"MODBUS - SETECNA EPC\" \/>\n<meta property=\"og:description\" content=\"Setecna, specialisti in progettazione e nella produzione di sistemi elettronici di regolazione e telecontrollo di impianti di riscaldamento\" \/>\n<meta property=\"og:url\" content=\"https:\/\/www.setecna.it\/es\/modbus\/\" \/>\n<meta property=\"og:site_name\" content=\"SETECNA EPC\" \/>\n<meta property=\"article:modified_time\" content=\"2025-04-30T08:27:49+00:00\" \/>\n<meta property=\"og:image\" content=\"https:\/\/www.setecna.it\/wp-content\/uploads\/2022\/01\/modbus_logo_med.png\" \/>\n<meta name=\"twitter:card\" content=\"summary_large_image\" \/>\n<meta name=\"twitter:label1\" content=\"Tiempo de lectura\" \/>\n\t<meta name=\"twitter:data1\" content=\"1 minuto\" \/>\n<script type=\"application\/ld+json\" class=\"yoast-schema-graph\">{\"@context\":\"https:\/\/schema.org\",\"@graph\":[{\"@type\":\"WebPage\",\"@id\":\"https:\/\/www.setecna.it\/es\/modbus\/\",\"url\":\"https:\/\/www.setecna.it\/es\/modbus\/\",\"name\":\"MODBUS - SETECNA EPC\",\"isPartOf\":{\"@id\":\"https:\/\/www.setecna.it\/#website\"},\"datePublished\":\"2025-04-15T08:13:37+00:00\",\"dateModified\":\"2025-04-30T08:27:49+00:00\",\"description\":\"Setecna, specialisti in progettazione e nella produzione di sistemi elettronici di regolazione e telecontrollo di impianti di riscaldamento\",\"breadcrumb\":{\"@id\":\"https:\/\/www.setecna.it\/es\/modbus\/#breadcrumb\"},\"inLanguage\":\"es\",\"potentialAction\":[{\"@type\":\"ReadAction\",\"target\":[\"https:\/\/www.setecna.it\/es\/modbus\/\"]}]},{\"@type\":\"BreadcrumbList\",\"@id\":\"https:\/\/www.setecna.it\/es\/modbus\/#breadcrumb\",\"itemListElement\":[{\"@type\":\"ListItem\",\"position\":1,\"name\":\"Home\",\"item\":\"https:\/\/www.setecna.it\/es\/\"},{\"@type\":\"ListItem\",\"position\":2,\"name\":\"MODBUS\"}]},{\"@type\":\"WebSite\",\"@id\":\"https:\/\/www.setecna.it\/#website\",\"url\":\"https:\/\/www.setecna.it\/\",\"name\":\"SETECNA EPC\",\"description\":\"Il benessere inizia anche da qui\",\"publisher\":{\"@id\":\"https:\/\/www.setecna.it\/#organization\"},\"potentialAction\":[{\"@type\":\"SearchAction\",\"target\":{\"@type\":\"EntryPoint\",\"urlTemplate\":\"https:\/\/www.setecna.it\/?s={search_term_string}\"},\"query-input\":\"required name=search_term_string\"}],\"inLanguage\":\"es\"},{\"@type\":\"Organization\",\"@id\":\"https:\/\/www.setecna.it\/#organization\",\"name\":\"Setecna EPC srl\",\"url\":\"https:\/\/www.setecna.it\/\",\"logo\":{\"@type\":\"ImageObject\",\"inLanguage\":\"es\",\"@id\":\"https:\/\/www.setecna.it\/#\/schema\/logo\/image\/\",\"url\":\"https:\/\/www.setecna.it\/wp-content\/uploads\/2022\/06\/cropped-cropped-Risorsa-3.png\",\"contentUrl\":\"https:\/\/www.setecna.it\/wp-content\/uploads\/2022\/06\/cropped-cropped-Risorsa-3.png\",\"width\":1864,\"height\":186,\"caption\":\"Setecna EPC srl\"},\"image\":{\"@id\":\"https:\/\/www.setecna.it\/#\/schema\/logo\/image\/\"}}]}<\/script>\n<!-- \/ Yoast SEO plugin. -->","yoast_head_json":{"title":"MODBUS - SETECNA EPC","description":"Setecna, specialisti in progettazione e nella produzione di sistemi elettronici di regolazione e telecontrollo di impianti di riscaldamento","robots":{"index":"index","follow":"follow","max-snippet":"max-snippet:-1","max-image-preview":"max-image-preview:large","max-video-preview":"max-video-preview:-1"},"canonical":"https:\/\/www.setecna.it\/es\/modbus\/","og_locale":"es_ES","og_type":"article","og_title":"MODBUS - SETECNA EPC","og_description":"Setecna, specialisti in progettazione e nella produzione di sistemi elettronici di regolazione e telecontrollo di impianti di riscaldamento","og_url":"https:\/\/www.setecna.it\/es\/modbus\/","og_site_name":"SETECNA EPC","article_modified_time":"2025-04-30T08:27:49+00:00","og_image":[{"url":"https:\/\/www.setecna.it\/wp-content\/uploads\/2022\/01\/modbus_logo_med.png"}],"twitter_card":"summary_large_image","twitter_misc":{"Tiempo de lectura":"1 minuto"},"schema":{"@context":"https:\/\/schema.org","@graph":[{"@type":"WebPage","@id":"https:\/\/www.setecna.it\/es\/modbus\/","url":"https:\/\/www.setecna.it\/es\/modbus\/","name":"MODBUS - SETECNA EPC","isPartOf":{"@id":"https:\/\/www.setecna.it\/#website"},"datePublished":"2025-04-15T08:13:37+00:00","dateModified":"2025-04-30T08:27:49+00:00","description":"Setecna, specialisti in progettazione e nella produzione di sistemi elettronici di regolazione e telecontrollo di impianti di riscaldamento","breadcrumb":{"@id":"https:\/\/www.setecna.it\/es\/modbus\/#breadcrumb"},"inLanguage":"es","potentialAction":[{"@type":"ReadAction","target":["https:\/\/www.setecna.it\/es\/modbus\/"]}]},{"@type":"BreadcrumbList","@id":"https:\/\/www.setecna.it\/es\/modbus\/#breadcrumb","itemListElement":[{"@type":"ListItem","position":1,"name":"Home","item":"https:\/\/www.setecna.it\/es\/"},{"@type":"ListItem","position":2,"name":"MODBUS"}]},{"@type":"WebSite","@id":"https:\/\/www.setecna.it\/#website","url":"https:\/\/www.setecna.it\/","name":"SETECNA EPC","description":"Il benessere inizia anche da qui","publisher":{"@id":"https:\/\/www.setecna.it\/#organization"},"potentialAction":[{"@type":"SearchAction","target":{"@type":"EntryPoint","urlTemplate":"https:\/\/www.setecna.it\/?s={search_term_string}"},"query-input":"required name=search_term_string"}],"inLanguage":"es"},{"@type":"Organization","@id":"https:\/\/www.setecna.it\/#organization","name":"Setecna EPC srl","url":"https:\/\/www.setecna.it\/","logo":{"@type":"ImageObject","inLanguage":"es","@id":"https:\/\/www.setecna.it\/#\/schema\/logo\/image\/","url":"https:\/\/www.setecna.it\/wp-content\/uploads\/2022\/06\/cropped-cropped-Risorsa-3.png","contentUrl":"https:\/\/www.setecna.it\/wp-content\/uploads\/2022\/06\/cropped-cropped-Risorsa-3.png","width":1864,"height":186,"caption":"Setecna EPC srl"},"image":{"@id":"https:\/\/www.setecna.it\/#\/schema\/logo\/image\/"}}]}},"_links":{"self":[{"href":"https:\/\/www.setecna.it\/es\/wp-json\/wp\/v2\/pages\/3820"}],"collection":[{"href":"https:\/\/www.setecna.it\/es\/wp-json\/wp\/v2\/pages"}],"about":[{"href":"https:\/\/www.setecna.it\/es\/wp-json\/wp\/v2\/types\/page"}],"author":[{"embeddable":true,"href":"https:\/\/www.setecna.it\/es\/wp-json\/wp\/v2\/users\/1"}],"replies":[{"embeddable":true,"href":"https:\/\/www.setecna.it\/es\/wp-json\/wp\/v2\/comments?post=3820"}],"version-history":[{"count":12,"href":"https:\/\/www.setecna.it\/es\/wp-json\/wp\/v2\/pages\/3820\/revisions"}],"predecessor-version":[{"id":4142,"href":"https:\/\/www.setecna.it\/es\/wp-json\/wp\/v2\/pages\/3820\/revisions\/4142"}],"wp:attachment":[{"href":"https:\/\/www.setecna.it\/es\/wp-json\/wp\/v2\/media?parent=3820"}],"curies":[{"name":"wp","href":"https:\/\/api.w.org\/{rel}","templated":true}]}}