{"id":3802,"date":"2025-04-15T10:58:18","date_gmt":"2025-04-15T08:58:18","guid":{"rendered":"https:\/\/www.setecna.it\/?page_id=3802"},"modified":"2025-04-30T09:03:14","modified_gmt":"2025-04-30T07:03:14","slug":"cursos-de-formaciones","status":"publish","type":"page","link":"https:\/\/www.setecna.it\/es\/cursos-de-formaciones\/","title":{"rendered":"CURSOS DE FORMACIONES"},"content":{"rendered":"\n<p class=\"has-black-color has-text-color\">Desde hace ya varias ediciones, Setecna EPC ofrece cursos de formaci\u00f3n para mantenerse siempre actualizada sobra las \u00faltimas novedades de nuestros productos y para apoyar a instaladores, integradores de sistema y mantenedores en el uso y la configuraci\u00f3n de nuestros sistemas de la mejor manera posible.<\/p>\n\n\n\n<p class=\"has-black-color has-text-color\">Cada edici\u00f3n de los cursos se divide en cuatros tipos distintos:<\/p>\n\n\n\n<ul class=\"has-black-color has-text-color\"><li><u>Curso B\u00e1sico<\/u>: se ofrece una introducci\u00f3n general a nuestro Sistema REG, su arquitectura, modo de instalaci\u00f3n, un panorama general sobre el uso correcto del RegConfig (el software de configuraci\u00f3n del Sistema REG) y las distintas l\u00f3gicas b\u00e1sicas, todos acompa\u00f1ado de varios ejemplos pr\u00e1cticos basados en situaciones reales.<\/li><li><u>Curso sobre Telegesti\u00f3n<\/u> con introducci\u00f3n a conceptos de red TCP\/IP: &nbsp;se introducen los conceptos fundamentales de red, la programaci\u00f3n de algunos de nuestros productos dedicados a la telegesti\u00f3n (como los REG-LAN-MK2, REG-LTE-4G o el DOT), se utiliza el portal de telegesti\u00f3n <a href=\"http:\/\/www.s5a.eu\">www.s5a.eu<\/a> y se analizan finalmente situaciones problem\u00e1ticas con su correspondiente resoluci\u00f3n de problemas (troubleshooting).<\/li><li><u>Curso sobre centrales t\u00e9rmicas<\/u>: se profundiza en la din\u00e1mica de configuraci\u00f3n de nuestros sistemas, en particular se analizan las gestiones de zonas, relojes, circuitos directos\/mezclados, gesti\u00f3n mediante Fuente t\u00e9rmica, OpenTherm y mucho m\u00e1s.<\/li><li><u>Curso sobre Distribuci\u00f3n<\/u> e instalaciones radiantes para calefacci\u00f3n y refrigeraci\u00f3n (zonas, deshumidificadores, VMC, circuitos): durante el curso se detallan la gesti\u00f3n de las zonas, la deshumidificaci\u00f3n, las unidades VMC y las especificidades de los circuitos directos\/mezclados, todo con ejemplos pr\u00e1cticos.<\/li><\/ul>\n\n\n\n<div style=\"height:80px\" aria-hidden=\"true\" class=\"wp-block-spacer\"><\/div>\n\n\n\n<p class=\"has-text-align-center has-text-color\" style=\"color:#0079bf;font-size:24px\"><strong>Pr\u00f3ximas fechas<\/strong><\/p>\n\n\n\n<ul class=\"has-black-color has-text-color\"><li>Martes 29 de abril: Curso B\u00e1sico<\/li><li>Mi\u00e9rcoles 7 de mayo: Curso sobre la Telegesti\u00f3n<\/li><li>Mi\u00e9rcoles 14 de mayo: Curso sobre Centrales T\u00e9rmicas<\/li><li>Mi\u00e9rcoles 21 de mayo: Curso sobre Distribuci\u00f3n<\/li><\/ul>\n\n\n\n<div style=\"height:80px\" aria-hidden=\"true\" class=\"wp-block-spacer\"><\/div>\n\n\n\n<p class=\"has-black-color has-text-color\">Para dudas, aclaraciones o solicitudes de informaci\u00f3n, escribir a <strong><a href=\"mailto:formazione@setecna.it\" target=\"_blank\" rel=\"noreferrer noopener\">formazione@setecna.it<\/a><\/strong> o llamar al <strong>045 860 0409<\/strong><\/p>\n\n\n\n<div style=\"height:60px\" aria-hidden=\"true\" class=\"wp-block-spacer\"><\/div>\n\n\n\n<p><strong>Atenci\u00f3n<\/strong>: \u00a1Los cursos s\u00f3lo est\u00e1n disponibles en italiano!<\/p>\n","protected":false},"excerpt":{"rendered":"<p>Desde hace ya varias ediciones, Setecna EPC ofrece cursos de formaci\u00f3n para mantenerse siempre actualizada sobra las \u00faltimas novedades de nuestros productos y para apoyar a instaladores, integradores de sistema y mantenedores en el uso y la configuraci\u00f3n de nuestros sistemas de la mejor manera posible. Cada edici\u00f3n de los cursos se divide en cuatros&hellip; <br \/> <a class=\"read-more\" href=\"https:\/\/www.setecna.it\/es\/cursos-de-formaciones\/\">Leer m\u00e1s<\/a><\/p>\n","protected":false},"author":1,"featured_media":0,"parent":0,"menu_order":0,"comment_status":"closed","ping_status":"closed","template":"","meta":[],"yoast_head":"<!-- This site is optimized with the Yoast SEO plugin v19.13 - https:\/\/yoast.com\/wordpress\/plugins\/seo\/ -->\n<title>CURSOS DE FORMACIONES - SETECNA EPC<\/title>\n<meta name=\"description\" content=\"Setecna, specialisti in progettazione e nella produzione di sistemi elettronici di regolazione e telecontrollo di impianti di riscaldamento\" \/>\n<meta name=\"robots\" content=\"index, follow, max-snippet:-1, max-image-preview:large, max-video-preview:-1\" \/>\n<link rel=\"canonical\" href=\"https:\/\/www.setecna.it\/es\/cursos-de-formaciones\/\" \/>\n<meta property=\"og:locale\" content=\"es_ES\" \/>\n<meta property=\"og:type\" content=\"article\" \/>\n<meta property=\"og:title\" content=\"CURSOS DE FORMACIONES - SETECNA EPC\" \/>\n<meta property=\"og:description\" content=\"Setecna, specialisti in progettazione e nella produzione di sistemi elettronici di regolazione e telecontrollo di impianti di riscaldamento\" \/>\n<meta property=\"og:url\" content=\"https:\/\/www.setecna.it\/es\/cursos-de-formaciones\/\" \/>\n<meta property=\"og:site_name\" content=\"SETECNA EPC\" \/>\n<meta property=\"article:modified_time\" content=\"2025-04-30T07:03:14+00:00\" \/>\n<meta name=\"twitter:card\" content=\"summary_large_image\" \/>\n<meta name=\"twitter:label1\" content=\"Tiempo de lectura\" \/>\n\t<meta name=\"twitter:data1\" content=\"2 minutos\" \/>\n<script type=\"application\/ld+json\" class=\"yoast-schema-graph\">{\"@context\":\"https:\/\/schema.org\",\"@graph\":[{\"@type\":\"WebPage\",\"@id\":\"https:\/\/www.setecna.it\/es\/cursos-de-formaciones\/\",\"url\":\"https:\/\/www.setecna.it\/es\/cursos-de-formaciones\/\",\"name\":\"CURSOS DE FORMACIONES - SETECNA EPC\",\"isPartOf\":{\"@id\":\"https:\/\/www.setecna.it\/#website\"},\"datePublished\":\"2025-04-15T08:58:18+00:00\",\"dateModified\":\"2025-04-30T07:03:14+00:00\",\"description\":\"Setecna, specialisti in progettazione e nella produzione di sistemi elettronici di regolazione e telecontrollo di impianti di riscaldamento\",\"breadcrumb\":{\"@id\":\"https:\/\/www.setecna.it\/es\/cursos-de-formaciones\/#breadcrumb\"},\"inLanguage\":\"es\",\"potentialAction\":[{\"@type\":\"ReadAction\",\"target\":[\"https:\/\/www.setecna.it\/es\/cursos-de-formaciones\/\"]}]},{\"@type\":\"BreadcrumbList\",\"@id\":\"https:\/\/www.setecna.it\/es\/cursos-de-formaciones\/#breadcrumb\",\"itemListElement\":[{\"@type\":\"ListItem\",\"position\":1,\"name\":\"Home\",\"item\":\"https:\/\/www.setecna.it\/es\/\"},{\"@type\":\"ListItem\",\"position\":2,\"name\":\"CURSOS DE FORMACIONES\"}]},{\"@type\":\"WebSite\",\"@id\":\"https:\/\/www.setecna.it\/#website\",\"url\":\"https:\/\/www.setecna.it\/\",\"name\":\"SETECNA EPC\",\"description\":\"Il benessere inizia anche da qui\",\"publisher\":{\"@id\":\"https:\/\/www.setecna.it\/#organization\"},\"potentialAction\":[{\"@type\":\"SearchAction\",\"target\":{\"@type\":\"EntryPoint\",\"urlTemplate\":\"https:\/\/www.setecna.it\/?s={search_term_string}\"},\"query-input\":\"required name=search_term_string\"}],\"inLanguage\":\"es\"},{\"@type\":\"Organization\",\"@id\":\"https:\/\/www.setecna.it\/#organization\",\"name\":\"Setecna EPC srl\",\"url\":\"https:\/\/www.setecna.it\/\",\"logo\":{\"@type\":\"ImageObject\",\"inLanguage\":\"es\",\"@id\":\"https:\/\/www.setecna.it\/#\/schema\/logo\/image\/\",\"url\":\"https:\/\/www.setecna.it\/wp-content\/uploads\/2022\/06\/cropped-cropped-Risorsa-3.png\",\"contentUrl\":\"https:\/\/www.setecna.it\/wp-content\/uploads\/2022\/06\/cropped-cropped-Risorsa-3.png\",\"width\":1864,\"height\":186,\"caption\":\"Setecna EPC srl\"},\"image\":{\"@id\":\"https:\/\/www.setecna.it\/#\/schema\/logo\/image\/\"}}]}<\/script>\n<!-- \/ Yoast SEO plugin. -->","yoast_head_json":{"title":"CURSOS DE FORMACIONES - SETECNA EPC","description":"Setecna, specialisti in progettazione e nella produzione di sistemi elettronici di regolazione e telecontrollo di impianti di riscaldamento","robots":{"index":"index","follow":"follow","max-snippet":"max-snippet:-1","max-image-preview":"max-image-preview:large","max-video-preview":"max-video-preview:-1"},"canonical":"https:\/\/www.setecna.it\/es\/cursos-de-formaciones\/","og_locale":"es_ES","og_type":"article","og_title":"CURSOS DE FORMACIONES - SETECNA EPC","og_description":"Setecna, specialisti in progettazione e nella produzione di sistemi elettronici di regolazione e telecontrollo di impianti di riscaldamento","og_url":"https:\/\/www.setecna.it\/es\/cursos-de-formaciones\/","og_site_name":"SETECNA EPC","article_modified_time":"2025-04-30T07:03:14+00:00","twitter_card":"summary_large_image","twitter_misc":{"Tiempo de lectura":"2 minutos"},"schema":{"@context":"https:\/\/schema.org","@graph":[{"@type":"WebPage","@id":"https:\/\/www.setecna.it\/es\/cursos-de-formaciones\/","url":"https:\/\/www.setecna.it\/es\/cursos-de-formaciones\/","name":"CURSOS DE FORMACIONES - SETECNA EPC","isPartOf":{"@id":"https:\/\/www.setecna.it\/#website"},"datePublished":"2025-04-15T08:58:18+00:00","dateModified":"2025-04-30T07:03:14+00:00","description":"Setecna, specialisti in progettazione e nella produzione di sistemi elettronici di regolazione e telecontrollo di impianti di riscaldamento","breadcrumb":{"@id":"https:\/\/www.setecna.it\/es\/cursos-de-formaciones\/#breadcrumb"},"inLanguage":"es","potentialAction":[{"@type":"ReadAction","target":["https:\/\/www.setecna.it\/es\/cursos-de-formaciones\/"]}]},{"@type":"BreadcrumbList","@id":"https:\/\/www.setecna.it\/es\/cursos-de-formaciones\/#breadcrumb","itemListElement":[{"@type":"ListItem","position":1,"name":"Home","item":"https:\/\/www.setecna.it\/es\/"},{"@type":"ListItem","position":2,"name":"CURSOS DE FORMACIONES"}]},{"@type":"WebSite","@id":"https:\/\/www.setecna.it\/#website","url":"https:\/\/www.setecna.it\/","name":"SETECNA EPC","description":"Il benessere inizia anche da qui","publisher":{"@id":"https:\/\/www.setecna.it\/#organization"},"potentialAction":[{"@type":"SearchAction","target":{"@type":"EntryPoint","urlTemplate":"https:\/\/www.setecna.it\/?s={search_term_string}"},"query-input":"required name=search_term_string"}],"inLanguage":"es"},{"@type":"Organization","@id":"https:\/\/www.setecna.it\/#organization","name":"Setecna EPC srl","url":"https:\/\/www.setecna.it\/","logo":{"@type":"ImageObject","inLanguage":"es","@id":"https:\/\/www.setecna.it\/#\/schema\/logo\/image\/","url":"https:\/\/www.setecna.it\/wp-content\/uploads\/2022\/06\/cropped-cropped-Risorsa-3.png","contentUrl":"https:\/\/www.setecna.it\/wp-content\/uploads\/2022\/06\/cropped-cropped-Risorsa-3.png","width":1864,"height":186,"caption":"Setecna EPC srl"},"image":{"@id":"https:\/\/www.setecna.it\/#\/schema\/logo\/image\/"}}]}},"_links":{"self":[{"href":"https:\/\/www.setecna.it\/es\/wp-json\/wp\/v2\/pages\/3802"}],"collection":[{"href":"https:\/\/www.setecna.it\/es\/wp-json\/wp\/v2\/pages"}],"about":[{"href":"https:\/\/www.setecna.it\/es\/wp-json\/wp\/v2\/types\/page"}],"author":[{"embeddable":true,"href":"https:\/\/www.setecna.it\/es\/wp-json\/wp\/v2\/users\/1"}],"replies":[{"embeddable":true,"href":"https:\/\/www.setecna.it\/es\/wp-json\/wp\/v2\/comments?post=3802"}],"version-history":[{"count":5,"href":"https:\/\/www.setecna.it\/es\/wp-json\/wp\/v2\/pages\/3802\/revisions"}],"predecessor-version":[{"id":4219,"href":"https:\/\/www.setecna.it\/es\/wp-json\/wp\/v2\/pages\/3802\/revisions\/4219"}],"wp:attachment":[{"href":"https:\/\/www.setecna.it\/es\/wp-json\/wp\/v2\/media?parent=3802"}],"curies":[{"name":"wp","href":"https:\/\/api.w.org\/{rel}","templated":true}]}}